{"id":29176,"date":"2025-11-26T11:33:29","date_gmt":"2025-11-26T10:33:29","guid":{"rendered":"https:\/\/monicablasi.com\/?page_id=29176"},"modified":"2025-11-26T14:11:20","modified_gmt":"2025-11-26T13:11:20","slug":"osteopatia","status":"publish","type":"page","link":"https:\/\/monicablasi.com\/es\/osteopatia\/","title":{"rendered":"Osteopatia"},"content":{"rendered":"<div data-elementor-type=\"wp-page\" data-elementor-id=\"29176\" class=\"elementor elementor-29176\" data-elementor-post-type=\"page\">\n\t\t\t\t\t\t<section class=\"elementor-section elementor-top-section elementor-element elementor-element-0ee813f elementor-section-boxed elementor-section-height-default elementor-section-height-default\" data-id=\"0ee813f\" data-element_type=\"section\" data-e-type=\"section\">\n\t\t\t\t\t\t<div class=\"elementor-container elementor-column-gap-default\">\n\t\t\t\t\t<div class=\"elementor-column elementor-col-100 elementor-top-column elementor-element elementor-element-2f715dc\" data-id=\"2f715dc\" data-element_type=\"column\" data-e-type=\"column\">\n\t\t\t<div class=\"elementor-widget-wrap\">\n\t\t\t\t\t\t\t<\/div>\n\t\t<\/div>\n\t\t\t\t\t<\/div>\n\t\t<\/section>\n\t\t\t\t<section class=\"elementor-section elementor-top-section elementor-element elementor-element-2083a92 elementor-section-boxed elementor-section-height-default elementor-section-height-default\" data-id=\"2083a92\" data-element_type=\"section\" data-e-type=\"section\">\n\t\t\t\t\t\t<div class=\"elementor-container elementor-column-gap-default\">\n\t\t\t\t\t<div class=\"elementor-column elementor-col-33 elementor-top-column elementor-element elementor-element-f04c478\" data-id=\"f04c478\" data-element_type=\"column\" data-e-type=\"column\">\n\t\t\t<div class=\"elementor-widget-wrap elementor-element-populated\">\n\t\t\t\t\t\t<div class=\"elementor-element elementor-element-5a98770 elementor-widget elementor-widget-image\" data-id=\"5a98770\" data-element_type=\"widget\" data-e-type=\"widget\" data-widget_type=\"image.default\">\n\t\t\t\t<div class=\"elementor-widget-container\">\n\t\t\t\t\t\t\t\t\t\t\t\t\t\t\t<img fetchpriority=\"high\" decoding=\"async\" width=\"1024\" height=\"683\" src=\"https:\/\/monicablasi.com\/wp-content\/uploads\/2025\/11\/PIC8093-1024x683.jpg\" class=\"attachment-large size-large wp-image-29181\" alt=\"Persona recibiendo una terapia manual en el pie y el tobillo; un profesional sostiene y moviliza el pie con ambas manos mientras la persona est\u00e1 recostada.\" srcset=\"https:\/\/monicablasi.com\/wp-content\/uploads\/2025\/11\/PIC8093-1024x683.jpg 1024w, https:\/\/monicablasi.com\/wp-content\/uploads\/2025\/11\/PIC8093-300x200.jpg 300w, https:\/\/monicablasi.com\/wp-content\/uploads\/2025\/11\/PIC8093-768x512.jpg 768w, https:\/\/monicablasi.com\/wp-content\/uploads\/2025\/11\/PIC8093-1536x1024.jpg 1536w, https:\/\/monicablasi.com\/wp-content\/uploads\/2025\/11\/PIC8093-2048x1365.jpg 2048w, https:\/\/monicablasi.com\/wp-content\/uploads\/2025\/11\/PIC8093-18x12.jpg 18w, https:\/\/monicablasi.com\/wp-content\/uploads\/2025\/11\/PIC8093-600x400.jpg 600w\" sizes=\"(max-width: 1024px) 100vw, 1024px\" \/>\t\t\t\t\t\t\t\t\t\t\t\t\t\t\t<\/div>\n\t\t\t\t<\/div>\n\t\t\t\t<div class=\"elementor-element elementor-element-0277d51 elementor-widget elementor-widget-spacer\" data-id=\"0277d51\" data-element_type=\"widget\" data-e-type=\"widget\" data-widget_type=\"spacer.default\">\n\t\t\t\t<div class=\"elementor-widget-container\">\n\t\t\t\t\t\t\t<div class=\"elementor-spacer\">\n\t\t\t<div class=\"elementor-spacer-inner\"><\/div>\n\t\t<\/div>\n\t\t\t\t\t\t<\/div>\n\t\t\t\t<\/div>\n\t\t\t\t\t<\/div>\n\t\t<\/div>\n\t\t\t\t<div class=\"elementor-column elementor-col-66 elementor-top-column elementor-element elementor-element-c3c6eb7\" data-id=\"c3c6eb7\" data-element_type=\"column\" data-e-type=\"column\">\n\t\t\t<div class=\"elementor-widget-wrap elementor-element-populated\">\n\t\t\t\t\t\t<div class=\"elementor-element elementor-element-413df6f elementor-widget elementor-widget-heading\" data-id=\"413df6f\" data-element_type=\"widget\" data-e-type=\"widget\" data-widget_type=\"heading.default\">\n\t\t\t\t<div class=\"elementor-widget-container\">\n\t\t\t\t\t<h2 class=\"elementor-heading-title elementor-size-default\">Osteopatia estructural<\/h2>\t\t\t\t<\/div>\n\t\t\t\t<\/div>\n\t\t\t\t<div class=\"elementor-element elementor-element-525c12a elementor-widget elementor-widget-text-editor\" data-id=\"525c12a\" data-element_type=\"widget\" data-e-type=\"widget\" data-widget_type=\"text-editor.default\">\n\t\t\t\t<div class=\"elementor-widget-container\">\n\t\t\t\t\t\t\t\t\t<p>Treballa sobre columna, articulacions, m\u00fasculs i lligaments. Indicada per dolors cervicals,\u00a0<span style=\"font-style: inherit; font-weight: inherit;\">dorsals i lumbars, tendinopaties, ci\u00e0tica, sobrec\u00e0rregues i limitacions de moviment.<\/span><\/p>\t\t\t\t\t\t\t\t<\/div>\n\t\t\t\t<\/div>\n\t\t\t\t\t<\/div>\n\t\t<\/div>\n\t\t\t\t\t<\/div>\n\t\t<\/section>\n\t\t\t\t<section class=\"elementor-section elementor-top-section elementor-element elementor-element-f78a72a elementor-section-boxed elementor-section-height-default elementor-section-height-default\" data-id=\"f78a72a\" data-element_type=\"section\" data-e-type=\"section\">\n\t\t\t\t\t\t<div class=\"elementor-container elementor-column-gap-default\">\n\t\t\t\t\t<div class=\"elementor-column elementor-col-66 elementor-top-column elementor-element elementor-element-7846667\" data-id=\"7846667\" data-element_type=\"column\" data-e-type=\"column\">\n\t\t\t<div class=\"elementor-widget-wrap elementor-element-populated\">\n\t\t\t\t\t\t<div class=\"elementor-element elementor-element-4e764b2 elementor-widget elementor-widget-heading\" data-id=\"4e764b2\" data-element_type=\"widget\" data-e-type=\"widget\" data-widget_type=\"heading.default\">\n\t\t\t\t<div class=\"elementor-widget-container\">\n\t\t\t\t\t<h2 class=\"elementor-heading-title elementor-size-default\">Osteopatia craneal<\/h2>\t\t\t\t<\/div>\n\t\t\t\t<\/div>\n\t\t\t\t<div class=\"elementor-element elementor-element-efbe6d9 elementor-widget elementor-widget-text-editor\" data-id=\"efbe6d9\" data-element_type=\"widget\" data-e-type=\"widget\" data-widget_type=\"text-editor.default\">\n\t\t\t\t<div class=\"elementor-widget-container\">\n\t\t\t\t\t\t\t\t\t<p>Actua sobre el crani, el coll i les membranes del sistema nervi\u00f3s. \u00c9s \u00fatil en cefalees,\u00a0<span style=\"font-style: inherit; font-weight: inherit;\">migranyes, tensi\u00f3 mandibular, bruxisme, estr\u00e8s, marejos i alteracions del son.<\/span><\/p>\t\t\t\t\t\t\t\t<\/div>\n\t\t\t\t<\/div>\n\t\t\t\t\t<\/div>\n\t\t<\/div>\n\t\t\t\t<div class=\"elementor-column elementor-col-33 elementor-top-column elementor-element elementor-element-cc1c086\" data-id=\"cc1c086\" data-element_type=\"column\" data-e-type=\"column\">\n\t\t\t<div class=\"elementor-widget-wrap elementor-element-populated\">\n\t\t\t\t\t\t<div class=\"elementor-element elementor-element-f24e942 elementor-widget elementor-widget-image\" data-id=\"f24e942\" data-element_type=\"widget\" data-e-type=\"widget\" data-widget_type=\"image.default\">\n\t\t\t\t<div class=\"elementor-widget-container\">\n\t\t\t\t\t\t\t\t\t\t\t\t\t\t\t<img decoding=\"async\" width=\"300\" height=\"240\" src=\"https:\/\/monicablasi.com\/wp-content\/uploads\/2025\/11\/PIC8025-1-300x240.jpg\" class=\"attachment-medium size-medium wp-image-29184\" alt=\"\" srcset=\"https:\/\/monicablasi.com\/wp-content\/uploads\/2025\/11\/PIC8025-1-300x240.jpg 300w, https:\/\/monicablasi.com\/wp-content\/uploads\/2025\/11\/PIC8025-1-1024x819.jpg 1024w, https:\/\/monicablasi.com\/wp-content\/uploads\/2025\/11\/PIC8025-1-768x614.jpg 768w, https:\/\/monicablasi.com\/wp-content\/uploads\/2025\/11\/PIC8025-1-1536x1229.jpg 1536w, https:\/\/monicablasi.com\/wp-content\/uploads\/2025\/11\/PIC8025-1-2048x1638.jpg 2048w, https:\/\/monicablasi.com\/wp-content\/uploads\/2025\/11\/PIC8025-1-15x12.jpg 15w, https:\/\/monicablasi.com\/wp-content\/uploads\/2025\/11\/PIC8025-1-600x480.jpg 600w\" sizes=\"(max-width: 300px) 100vw, 300px\" \/>\t\t\t\t\t\t\t\t\t\t\t\t\t\t\t<\/div>\n\t\t\t\t<\/div>\n\t\t\t\t<div class=\"elementor-element elementor-element-2097f18 elementor-widget elementor-widget-spacer\" data-id=\"2097f18\" data-element_type=\"widget\" data-e-type=\"widget\" data-widget_type=\"spacer.default\">\n\t\t\t\t<div class=\"elementor-widget-container\">\n\t\t\t\t\t\t\t<div class=\"elementor-spacer\">\n\t\t\t<div class=\"elementor-spacer-inner\"><\/div>\n\t\t<\/div>\n\t\t\t\t\t\t<\/div>\n\t\t\t\t<\/div>\n\t\t\t\t\t<\/div>\n\t\t<\/div>\n\t\t\t\t\t<\/div>\n\t\t<\/section>\n\t\t\t\t<section class=\"elementor-section elementor-top-section elementor-element elementor-element-5e0f321 elementor-section-boxed elementor-section-height-default elementor-section-height-default\" data-id=\"5e0f321\" data-element_type=\"section\" data-e-type=\"section\">\n\t\t\t\t\t\t<div class=\"elementor-container elementor-column-gap-default\">\n\t\t\t\t\t<div class=\"elementor-column elementor-col-33 elementor-top-column elementor-element elementor-element-097570a\" data-id=\"097570a\" data-element_type=\"column\" data-e-type=\"column\">\n\t\t\t<div class=\"elementor-widget-wrap elementor-element-populated\">\n\t\t\t\t\t\t<div class=\"elementor-element elementor-element-9b17eb7 elementor-widget elementor-widget-image\" data-id=\"9b17eb7\" data-element_type=\"widget\" data-e-type=\"widget\" data-widget_type=\"image.default\">\n\t\t\t\t<div class=\"elementor-widget-container\">\n\t\t\t\t\t\t\t\t\t\t\t\t\t\t\t<img decoding=\"async\" width=\"1024\" height=\"683\" src=\"https:\/\/monicablasi.com\/wp-content\/uploads\/2025\/11\/PIC8064-1024x683.jpg\" class=\"attachment-large size-large wp-image-29183\" alt=\"\" srcset=\"https:\/\/monicablasi.com\/wp-content\/uploads\/2025\/11\/PIC8064-1024x683.jpg 1024w, https:\/\/monicablasi.com\/wp-content\/uploads\/2025\/11\/PIC8064-300x200.jpg 300w, https:\/\/monicablasi.com\/wp-content\/uploads\/2025\/11\/PIC8064-768x512.jpg 768w, https:\/\/monicablasi.com\/wp-content\/uploads\/2025\/11\/PIC8064-1536x1024.jpg 1536w, https:\/\/monicablasi.com\/wp-content\/uploads\/2025\/11\/PIC8064-2048x1365.jpg 2048w, https:\/\/monicablasi.com\/wp-content\/uploads\/2025\/11\/PIC8064-18x12.jpg 18w, https:\/\/monicablasi.com\/wp-content\/uploads\/2025\/11\/PIC8064-600x400.jpg 600w\" sizes=\"(max-width: 1024px) 100vw, 1024px\" \/>\t\t\t\t\t\t\t\t\t\t\t\t\t\t\t<\/div>\n\t\t\t\t<\/div>\n\t\t\t\t<div class=\"elementor-element elementor-element-b5657c2 elementor-widget elementor-widget-spacer\" data-id=\"b5657c2\" data-element_type=\"widget\" data-e-type=\"widget\" data-widget_type=\"spacer.default\">\n\t\t\t\t<div class=\"elementor-widget-container\">\n\t\t\t\t\t\t\t<div class=\"elementor-spacer\">\n\t\t\t<div class=\"elementor-spacer-inner\"><\/div>\n\t\t<\/div>\n\t\t\t\t\t\t<\/div>\n\t\t\t\t<\/div>\n\t\t\t\t\t<\/div>\n\t\t<\/div>\n\t\t\t\t<div class=\"elementor-column elementor-col-66 elementor-top-column elementor-element elementor-element-e1123c1\" data-id=\"e1123c1\" data-element_type=\"column\" data-e-type=\"column\">\n\t\t\t<div class=\"elementor-widget-wrap elementor-element-populated\">\n\t\t\t\t\t\t<div class=\"elementor-element elementor-element-bab52fb elementor-widget elementor-widget-heading\" data-id=\"bab52fb\" data-element_type=\"widget\" data-e-type=\"widget\" data-widget_type=\"heading.default\">\n\t\t\t\t<div class=\"elementor-widget-container\">\n\t\t\t\t\t<h2 class=\"elementor-heading-title elementor-size-default\">Osteopatia visceral<\/h2>\t\t\t\t<\/div>\n\t\t\t\t<\/div>\n\t\t\t\t<div class=\"elementor-element elementor-element-df794e8 elementor-widget elementor-widget-text-editor\" data-id=\"df794e8\" data-element_type=\"widget\" data-e-type=\"widget\" data-widget_type=\"text-editor.default\">\n\t\t\t\t<div class=\"elementor-widget-container\">\n\t\t\t\t\t\t\t\t\t<p>Incideix en la mobilitat dels \u00f2rgans interns i les seves connexions. S\u2019aplica en digestions pesades, restrenyiment, reflux, tensi\u00f3 diafragm\u00e0tica i dolors lumbars d\u2019origen funcional.<\/p>\t\t\t\t\t\t\t\t<\/div>\n\t\t\t\t<\/div>\n\t\t\t\t\t<\/div>\n\t\t<\/div>\n\t\t\t\t\t<\/div>\n\t\t<\/section>\n\t\t\t\t<section class=\"elementor-section elementor-top-section elementor-element elementor-element-42a4358 elementor-section-boxed elementor-section-height-default elementor-section-height-default\" data-id=\"42a4358\" data-element_type=\"section\" data-e-type=\"section\" data-settings=\"{&quot;background_background&quot;:&quot;classic&quot;}\">\n\t\t\t\t\t\t<div class=\"elementor-container elementor-column-gap-default\">\n\t\t\t\t\t<div class=\"elementor-column elementor-col-100 elementor-top-column elementor-element elementor-element-a923c89\" data-id=\"a923c89\" data-element_type=\"column\" data-e-type=\"column\">\n\t\t\t<div class=\"elementor-widget-wrap elementor-element-populated\">\n\t\t\t\t\t\t<div class=\"elementor-element elementor-element-50ae081 elementor-widget elementor-widget-spacer\" data-id=\"50ae081\" data-element_type=\"widget\" data-e-type=\"widget\" data-widget_type=\"spacer.default\">\n\t\t\t\t<div class=\"elementor-widget-container\">\n\t\t\t\t\t\t\t<div class=\"elementor-spacer\">\n\t\t\t<div class=\"elementor-spacer-inner\"><\/div>\n\t\t<\/div>\n\t\t\t\t\t\t<\/div>\n\t\t\t\t<\/div>\n\t\t\t\t<div class=\"elementor-element elementor-element-c71c273 elementor-widget elementor-widget-text-editor\" data-id=\"c71c273\" data-element_type=\"widget\" data-e-type=\"widget\" data-widget_type=\"text-editor.default\">\n\t\t\t\t<div class=\"elementor-widget-container\">\n\t\t\t\t\t\t\t\t\t<p>L\u2019osteopatia \u00e9s especialment \u00fatil en dolors musculars i articulars, disfuncions digestives, tensi\u00f3 derivada de l\u2019estr\u00e8s, restriccions de moviment, recuperacions postlesi\u00f3 o postpart i problemes respiratoris funcionals. \u00c9s un complement ideal a la fisioter\u00e0pia i a l\u2019exercici terap\u00e8utic.<\/p>\t\t\t\t\t\t\t\t<\/div>\n\t\t\t\t<\/div>\n\t\t\t\t<div class=\"elementor-element elementor-element-1f8258e elementor-widget elementor-widget-spacer\" data-id=\"1f8258e\" data-element_type=\"widget\" data-e-type=\"widget\" data-widget_type=\"spacer.default\">\n\t\t\t\t<div class=\"elementor-widget-container\">\n\t\t\t\t\t\t\t<div class=\"elementor-spacer\">\n\t\t\t<div class=\"elementor-spacer-inner\"><\/div>\n\t\t<\/div>\n\t\t\t\t\t\t<\/div>\n\t\t\t\t<\/div>\n\t\t\t\t\t<\/div>\n\t\t<\/div>\n\t\t\t\t\t<\/div>\n\t\t<\/section>\n\t\t\t\t<section class=\"elementor-section elementor-top-section elementor-element elementor-element-49ce868 elementor-section-boxed elementor-section-height-default elementor-section-height-default\" data-id=\"49ce868\" data-element_type=\"section\" data-e-type=\"section\">\n\t\t\t\t\t\t<div class=\"elementor-container elementor-column-gap-default\">\n\t\t\t\t\t<div class=\"elementor-column elementor-col-100 elementor-top-column elementor-element elementor-element-f774772\" data-id=\"f774772\" data-element_type=\"column\" data-e-type=\"column\">\n\t\t\t<div class=\"elementor-widget-wrap elementor-element-populated\">\n\t\t\t\t\t\t<div class=\"elementor-element elementor-element-1bc412d elementor-widget elementor-widget-spacer\" data-id=\"1bc412d\" data-element_type=\"widget\" data-e-type=\"widget\" data-widget_type=\"spacer.default\">\n\t\t\t\t<div class=\"elementor-widget-container\">\n\t\t\t\t\t\t\t<div class=\"elementor-spacer\">\n\t\t\t<div class=\"elementor-spacer-inner\"><\/div>\n\t\t<\/div>\n\t\t\t\t\t\t<\/div>\n\t\t\t\t<\/div>\n\t\t\t\t\t<\/div>\n\t\t<\/div>\n\t\t\t\t\t<\/div>\n\t\t<\/section>\n\t\t\t\t<\/div>","protected":false},"excerpt":{"rendered":"<p>Qu\u00e8 \u00e9s L&#8217;OSTEOPATIA? L\u2019osteopatia \u00e9s una disciplina manual que ent\u00e9n el cos com un sistema global on m\u00fasculs, articulacions, nervis i \u00f2rgans estan interrelacionats. Quan una zona perd mobilitat o funcionalitat, el cos compensa, fet que pot generar dolor, tensi\u00f3 o disfuncions. L\u2019osteopatia busca restaurar aquesta mobilitat i millorar la funci\u00f3 general. S\u2019organitza en tres [&hellip;]<\/p>\n","protected":false},"author":140,"featured_media":0,"parent":0,"menu_order":0,"comment_status":"closed","ping_status":"closed","template":"","meta":{"_seopress_robots_primary_cat":"","_seopress_titles_title":"","_seopress_titles_desc":"","_seopress_robots_index":"","site-sidebar-layout":"no-sidebar","site-content-layout":"page-builder","ast-site-content-layout":"full-width-container","site-content-style":"unboxed","site-sidebar-style":"unboxed","ast-global-header-display":"","ast-banner-title-visibility":"","ast-main-header-display":"","ast-hfb-above-header-display":"","ast-hfb-below-header-display":"","ast-hfb-mobile-header-display":"","site-post-title":"disabled","ast-breadcrumbs-content":"","ast-featured-img":"disabled","footer-sml-layout":"","ast-disable-related-posts":"","theme-transparent-header-meta":"default","adv-header-id-meta":"","stick-header-meta":"","header-above-stick-meta":"","header-main-stick-meta":"","header-below-stick-meta":"","astra-migrate-meta-layouts":"set","ast-page-background-enabled":"default","ast-page-background-meta":{"desktop":{"background-color":"","background-image":"","background-repeat":"repeat","background-position":"center center","background-size":"auto","background-attachment":"scroll","background-type":"","background-media":"","overlay-type":"","overlay-color":"","overlay-opacity":"","overlay-gradient":""},"tablet":{"background-color":"","background-image":"","background-repeat":"repeat","background-position":"center center","background-size":"auto","background-attachment":"scroll","background-type":"","background-media":"","overlay-type":"","overlay-color":"","overlay-opacity":"","overlay-gradient":""},"mobile":{"background-color":"","background-image":"","background-repeat":"repeat","background-position":"center center","background-size":"auto","background-attachment":"scroll","background-type":"","background-media":"","overlay-type":"","overlay-color":"","overlay-opacity":"","overlay-gradient":""}},"ast-content-background-meta":{"desktop":{"background-color":"var(--ast-global-color-5)","background-image":"","background-repeat":"repeat","background-position":"center center","background-size":"auto","background-attachment":"scroll","background-type":"","background-media":"","overlay-type":"","overlay-color":"","overlay-opacity":"","overlay-gradient":""},"tablet":{"background-color":"var(--ast-global-color-5)","background-image":"","background-repeat":"repeat","background-position":"center center","background-size":"auto","background-attachment":"scroll","background-type":"","background-media":"","overlay-type":"","overlay-color":"","overlay-opacity":"","overlay-gradient":""},"mobile":{"background-color":"var(--ast-global-color-5)","background-image":"","background-repeat":"repeat","background-position":"center center","background-size":"auto","background-attachment":"scroll","background-type":"","background-media":"","overlay-type":"","overlay-color":"","overlay-opacity":"","overlay-gradient":""}},"footnotes":""},"class_list":["post-29176","page","type-page","status-publish","hentry"],"_links":{"self":[{"href":"https:\/\/monicablasi.com\/es\/wp-json\/wp\/v2\/pages\/29176","targetHints":{"allow":["GET"]}}],"collection":[{"href":"https:\/\/monicablasi.com\/es\/wp-json\/wp\/v2\/pages"}],"about":[{"href":"https:\/\/monicablasi.com\/es\/wp-json\/wp\/v2\/types\/page"}],"author":[{"embeddable":true,"href":"https:\/\/monicablasi.com\/es\/wp-json\/wp\/v2\/users\/140"}],"replies":[{"embeddable":true,"href":"https:\/\/monicablasi.com\/es\/wp-json\/wp\/v2\/comments?post=29176"}],"version-history":[{"count":6,"href":"https:\/\/monicablasi.com\/es\/wp-json\/wp\/v2\/pages\/29176\/revisions"}],"predecessor-version":[{"id":29188,"href":"https:\/\/monicablasi.com\/es\/wp-json\/wp\/v2\/pages\/29176\/revisions\/29188"}],"wp:attachment":[{"href":"https:\/\/monicablasi.com\/es\/wp-json\/wp\/v2\/media?parent=29176"}],"curies":[{"name":"wp","href":"https:\/\/api.w.org\/{rel}","templated":true}]}}