{"id":28887,"date":"2025-03-31T09:50:32","date_gmt":"2025-03-31T07:50:32","guid":{"rendered":"https:\/\/monicablasi.com\/?page_id=28887"},"modified":"2025-03-31T09:52:39","modified_gmt":"2025-03-31T07:52:39","slug":"accessibilitat","status":"publish","type":"page","link":"https:\/\/monicablasi.com\/es\/accessibilitat\/","title":{"rendered":"Accessibilitat"},"content":{"rendered":"<div data-elementor-type=\"wp-page\" data-elementor-id=\"28887\" class=\"elementor elementor-28887\" data-elementor-post-type=\"page\">\n\t\t\t\t\t\t<section class=\"elementor-section elementor-top-section elementor-element elementor-element-6ab6041d elementor-section-boxed elementor-section-height-default elementor-section-height-default\" data-id=\"6ab6041d\" data-element_type=\"section\" data-e-type=\"section\">\n\t\t\t\t\t\t<div class=\"elementor-container elementor-column-gap-default\">\n\t\t\t\t\t<div class=\"elementor-column elementor-col-100 elementor-top-column elementor-element elementor-element-22c785b9\" data-id=\"22c785b9\" data-element_type=\"column\" data-e-type=\"column\">\n\t\t\t<div class=\"elementor-widget-wrap elementor-element-populated\">\n\t\t\t\t\t\t<div class=\"elementor-element elementor-element-3a1c86c7 elementor-widget elementor-widget-text-editor\" data-id=\"3a1c86c7\" data-element_type=\"widget\" data-e-type=\"widget\" data-widget_type=\"text-editor.default\">\n\t\t\t\t<div class=\"elementor-widget-container\">\n\t\t\t\t\t\t\t\t\t<p><strong>M\u00f2nica Blasi Servitja<\/strong>\u00a0s\u2019ha comprom\u00e8s a fer accessibles els seus llocs web, de conformitat amb el\u00a0<a href=\"https:\/\/www.boe.es\/buscar\/act.php?id=BOE-A-2018-12699\" target=\"_blank\" rel=\"noopener\"><strong>Reial Decret 1112\/2018<\/strong><\/a>, de 7 de setembre, sobre accessibilitat dels llocs web i aplicacions per a dispositius m\u00f2bils del sector p\u00fablic, per la qual es trasposa a l\u2019ordenament jur\u00eddic espanyol la\u00a0<a href=\"https:\/\/eur-lex.europa.eu\/legal-content\/ES\/TXT\/?uri=uriserv:OJ.L_.2016.327.01.0001.01.SPA&amp;toc=OJ:L:2016:327:FULL\" target=\"_blank\" rel=\"noopener\"><strong>Directiva (UE) 2016\/2102 del Parlament Europeu i del Consell.<\/strong><\/a><\/p><p>Aquesta declaraci\u00f3 d\u2019accessibilitat s\u2019aplica al lloc web <strong>monicablasi.com<\/strong><\/p><p><strong>Situaci\u00f3 de compliment<\/strong><\/p><p>Aquest lloc web \u00e9s parcialment conforme amb el\u00a0<strong><a href=\"https:\/\/www.boe.es\/buscar\/act.php?id=BOE-A-2018-12699\" target=\"_blank\" rel=\"noopener\">RD 1112\/2018<\/a><\/strong>\u00a0degut a les excepcions ia la manca de conformitat dels aspectes que s\u2019indiquen a continuaci\u00f3.<\/p><p><strong>Contingut no accessible<\/strong><\/p><p>El contingut que es recull a continuaci\u00f3 no \u00e9s accessible pel seg\u00fcent:<\/p><ol><li>Al portal poden existir continguts en altres idiomes en qu\u00e8 no est\u00e0 correctament etiquetat el canvi d\u2019idioma<\/li><li>Els elements multim\u00e8dia nom\u00e9s \u00e0udio no tenen alternativa<\/li><li>Hi ha v\u00eddeos sense subt\u00edtols<\/li><li>Hi ha contingut textual sense un contrast suficient<\/li><li>S\u2019observa com en alguns casos el focus no compleix la m\u00ednima r\u00e0tio de contrast requerida<\/li><li>En algun cas pot produir-se solapament de contingut<\/li><li>Hi ha documents PDF amb problemes d\u2019accessibilitat<\/li><li>C\u00e0rrega desproporcionada: no s\u2019aplica.<\/li><li>Contingut no entra dins l\u2019\u00e0mbit de la legislaci\u00f3 aplicable: Poden existir documents en format PDF que no compleixin \u00edntegrament tots els requisits d\u2019accessibilitat.<\/li><\/ol><p><strong>Preparaci\u00f3 d\u2019aquesta declaraci\u00f3 d\u2019accessibilitat<\/strong><\/p><p>Aquesta declaraci\u00f3 va ser revisada el 31 de mar\u00e7 de 2025.<\/p><p>El m\u00e8tode emprat per preparar la declaraci\u00f3 ha estat una autoavaluaci\u00f3 duta a terme per PIKSTUDIO MULTIMEDIA, com a agent digitalitzador.<\/p><p><strong>Observacions i dades de contacte<\/strong><\/p><p>Podeu realitzar comunicacions sobre requisits d\u2019accessibilitat (article 10.2.a) del Reial decret 1112\/2018, de 7 de setembre) com, per exemple:<\/p><ul><li>Informar sobre qualsevol possible incompliment per part daquest lloc web.<\/li><li>Transmetre altres dificultats dacc\u00e9s al contingut.<\/li><li>Formular qualsevol altra consulta o suggeriment de millora relativa a l\u2019accessibilitat del lloc web.<\/li><\/ul><p>A trav\u00e9s de les vies seg\u00fcents:<\/p><ul><li>Correu electr\u00f2nic: <a href=\"mailto:centrefisiomb@gmail.com\">centrefisiomb@gmail.com<\/a><\/li><li>Tel\u00e8fon +34 630 52 55 56<\/li><\/ul><p>Les comunicacions seran rebudes i tractades per la M\u00f2nica Blasi<\/p><p><strong>Procediment d\u2019aplicaci\u00f3<\/strong><\/p><p>S\u2019engegar\u00e0 un procediment d\u2019aplicaci\u00f3 adequat i efica\u00e7 al qual s\u2019ha de rec\u00f3rrer en cas que la resposta a la comunicaci\u00f3 oa la sol\u00b7licitud sigui insatisfact\u00f2ria.<\/p><p><strong>Contingut opcional<\/strong><\/p><p>Aquest lloc web:<\/p><ul><li>S\u2019ha dissenyat adaptant-se als est\u00e0ndards i normatives vigents en relaci\u00f3 amb l\u2019accessibilitat, complint amb els punts de verificaci\u00f3 de prioritat 2 (AA) definits a l\u2019especificaci\u00f3 de Pautes d\u2019Accessibilitat al Contingut a la Web (WCAG 2.1).<\/li><li>Compleix amb els requisits de la Norma\u00a0<a href=\"https:\/\/administracionelectronica.gob.es\/pae_Home\/dam\/jcr:2352eaaf-2ee8-4501-a67b-bb682c6de934\/Norma_UNE-EN_301549.pdf\" target=\"_blank\" rel=\"noopener\">UNE-EN 301549 v1.1.2:2015<\/a>, considerant les excepcions del Reial Decret 1112\/2018.<\/li><li>Est\u00e0 dissenyat per a la correcta visualitzaci\u00f3 en dispositius d\u2019escriptori, tablet i m\u00f2bils per a una resoluci\u00f3 m\u00ednima de 1280\u00d71024.<\/li><li>S\u2019ha realitzat utilitzant HTML5 com a llenguatge de marcatge i fulls d\u2019estil CSS 3 pel disseny.<\/li><li>Est\u00e0 dissenyat per al seu \u00fas amb javascript no intrusiu oferint, en el cas que el vostre navegador no ho suporti, la seva corresponent alternativa no javascript.<\/li><\/ul><div id=\"gtx-trans\" style=\"position: absolute; left: 476px; top: 1497.12px;\"><div class=\"gtx-trans-icon\">\u00a0<\/div><\/div>\t\t\t\t\t\t\t\t<\/div>\n\t\t\t\t<\/div>\n\t\t\t\t\t<\/div>\n\t\t<\/div>\n\t\t\t\t\t<\/div>\n\t\t<\/section>\n\t\t\t\t<\/div>","protected":false},"excerpt":{"rendered":"<p>M\u00f2nica Blasi Servitja\u00a0s\u2019ha comprom\u00e8s a fer accessibles els seus llocs web, de conformitat amb el\u00a0Reial Decret 1112\/2018, de 7 de setembre, sobre accessibilitat dels llocs web i aplicacions per a dispositius m\u00f2bils del sector p\u00fablic, per la qual es trasposa a l\u2019ordenament jur\u00eddic espanyol la\u00a0Directiva (UE) 2016\/2102 del Parlament Europeu i del Consell. Aquesta declaraci\u00f3 [&hellip;]<\/p>\n","protected":false},"author":1,"featured_media":0,"parent":0,"menu_order":0,"comment_status":"closed","ping_status":"closed","template":"","meta":{"_seopress_robots_primary_cat":"","_seopress_titles_title":"","_seopress_titles_desc":"","_seopress_robots_index":"yes","site-sidebar-layout":"default","site-content-layout":"default","ast-site-content-layout":"default","site-content-style":"default","site-sidebar-style":"default","ast-global-header-display":"","ast-banner-title-visibility":"","ast-main-header-display":"","ast-hfb-above-header-display":"","ast-hfb-below-header-display":"","ast-hfb-mobile-header-display":"","site-post-title":"","ast-breadcrumbs-content":"","ast-featured-img":"","footer-sml-layout":"","ast-disable-related-posts":"","theme-transparent-header-meta":"default","adv-header-id-meta":"","stick-header-meta":"","header-above-stick-meta":"","header-main-stick-meta":"","header-below-stick-meta":"","astra-migrate-meta-layouts":"set","ast-page-background-enabled":"default","ast-page-background-meta":{"desktop":{"background-color":"","background-image":"","background-repeat":"repeat","background-position":"center center","background-size":"auto","background-attachment":"scroll","background-type":"","background-media":"","overlay-type":"","overlay-color":"","overlay-opacity":"","overlay-gradient":""},"tablet":{"background-color":"","background-image":"","background-repeat":"repeat","background-position":"center center","background-size":"auto","background-attachment":"scroll","background-type":"","background-media":"","overlay-type":"","overlay-color":"","overlay-opacity":"","overlay-gradient":""},"mobile":{"background-color":"","background-image":"","background-repeat":"repeat","background-position":"center center","background-size":"auto","background-attachment":"scroll","background-type":"","background-media":"","overlay-type":"","overlay-color":"","overlay-opacity":"","overlay-gradient":""}},"ast-content-background-meta":{"desktop":{"background-color":"var(--ast-global-color-5)","background-image":"","background-repeat":"repeat","background-position":"center center","background-size":"auto","background-attachment":"scroll","background-type":"","background-media":"","overlay-type":"","overlay-color":"","overlay-opacity":"","overlay-gradient":""},"tablet":{"background-color":"var(--ast-global-color-5)","background-image":"","background-repeat":"repeat","background-position":"center center","background-size":"auto","background-attachment":"scroll","background-type":"","background-media":"","overlay-type":"","overlay-color":"","overlay-opacity":"","overlay-gradient":""},"mobile":{"background-color":"var(--ast-global-color-5)","background-image":"","background-repeat":"repeat","background-position":"center center","background-size":"auto","background-attachment":"scroll","background-type":"","background-media":"","overlay-type":"","overlay-color":"","overlay-opacity":"","overlay-gradient":""}},"footnotes":""},"class_list":["post-28887","page","type-page","status-publish","hentry"],"_links":{"self":[{"href":"https:\/\/monicablasi.com\/es\/wp-json\/wp\/v2\/pages\/28887","targetHints":{"allow":["GET"]}}],"collection":[{"href":"https:\/\/monicablasi.com\/es\/wp-json\/wp\/v2\/pages"}],"about":[{"href":"https:\/\/monicablasi.com\/es\/wp-json\/wp\/v2\/types\/page"}],"author":[{"embeddable":true,"href":"https:\/\/monicablasi.com\/es\/wp-json\/wp\/v2\/users\/1"}],"replies":[{"embeddable":true,"href":"https:\/\/monicablasi.com\/es\/wp-json\/wp\/v2\/comments?post=28887"}],"version-history":[{"count":5,"href":"https:\/\/monicablasi.com\/es\/wp-json\/wp\/v2\/pages\/28887\/revisions"}],"predecessor-version":[{"id":28893,"href":"https:\/\/monicablasi.com\/es\/wp-json\/wp\/v2\/pages\/28887\/revisions\/28893"}],"wp:attachment":[{"href":"https:\/\/monicablasi.com\/es\/wp-json\/wp\/v2\/media?parent=28887"}],"curies":[{"name":"wp","href":"https:\/\/api.w.org\/{rel}","templated":true}]}}