{"id":28470,"date":"2024-11-07T11:21:35","date_gmt":"2024-11-07T10:21:35","guid":{"rendered":"https:\/\/www.monicablasi.com\/?page_id=28470"},"modified":"2024-11-28T17:53:21","modified_gmt":"2024-11-28T16:53:21","slug":"cervicals","status":"publish","type":"page","link":"https:\/\/monicablasi.com\/es\/cervicals\/","title":{"rendered":"Cervicals"},"content":{"rendered":"<p>Benvingut\/da al teu programa de recuperaci\u00f3 per les cervicals Felicitats per fer el primer pas cap a la recuperaci\u00f3! Aquest programa t\u2019ajudar\u00e0 a alleujar el dolor, millorar la mobilitat de les cervicals i prevenir futures lesions. A continuaci\u00f3, trobar\u00e0s tota la informaci\u00f3 necess\u00e0ria per comen\u00e7ar el programa. Pas 1: Instruccions del programa d\u2019exercicis El programa [&hellip;]<\/p>\n \t\t<div class=\"woocommerce\">\n\t\t\t<div class=\"woocommerce-info wc-memberships-restriction-message wc-memberships-message wc-memberships-content-restricted-message\">\n\t\t\t\t<p style=\"text-align: center\"><strong>Aquest contingut nom\u00e9s esta disponible si compres el\u00a0<span style=\"color: #222222;font-family: Consolas, Monaco, monospace;font-size: 13px;font-style: normal\"><span class=\"wc-memberships-products-grant-access\"><a href=\"https:\/\/monicablasi.com\/es\/producto\/programa-dexercicis-per-a-cervicals\/\">Programa d'exercicis per a cervicals<\/a><\/span><\/span><\/strong><\/p>\t\t    <\/div>\n\t\t<\/div>\n\t\t","protected":false},"excerpt":{"rendered":"<p>Benvingut\/da al teu programa de recuperaci\u00f3 per les cervicals Felicitats per fer el primer pas cap a la recuperaci\u00f3! Aquest programa t\u2019ajudar\u00e0 a alleujar el dolor, millorar la mobilitat de les cervicals i prevenir futures lesions. A continuaci\u00f3, trobar\u00e0s tota la informaci\u00f3 necess\u00e0ria per comen\u00e7ar el programa. Pas 1: Instruccions del programa d\u2019exercicis El programa [&hellip;]<\/p>\n<div class=\"woocommerce\">\n<div class=\"woocommerce-info wc-memberships-restriction-message wc-memberships-message wc-memberships-content-restricted-message\">\n<p style=\"text-align: center\"><strong>Aquest contingut nom\u00e9s esta disponible si compres el\u00a0<span style=\"color: #222222;font-family: Consolas, Monaco, monospace;font-size: 13px;font-style: normal\"><span class=\"wc-memberships-products-grant-access\"><a href=\"https:\/\/monicablasi.com\/es\/producto\/programa-dexercicis-per-a-cervicals\/\">Programa d&#8217;exercicis per a cervicals<\/a><\/span><\/span><\/strong><\/p>\n<\/p><\/div>\n<\/p><\/div>\n","protected":false},"author":5,"featured_media":0,"parent":0,"menu_order":0,"comment_status":"closed","ping_status":"closed","template":"elementor_header_footer","meta":{"_seopress_robots_primary_cat":"","_seopress_titles_title":"","_seopress_titles_desc":"","_seopress_robots_index":"","site-sidebar-layout":"no-sidebar","site-content-layout":"page-builder","ast-site-content-layout":"default","site-content-style":"default","site-sidebar-style":"default","ast-global-header-display":"","ast-banner-title-visibility":"","ast-main-header-display":"","ast-hfb-above-header-display":"","ast-hfb-below-header-display":"","ast-hfb-mobile-header-display":"","site-post-title":"disabled","ast-breadcrumbs-content":"","ast-featured-img":"disabled","footer-sml-layout":"","ast-disable-related-posts":"","theme-transparent-header-meta":"default","adv-header-id-meta":"","stick-header-meta":"","header-above-stick-meta":"","header-main-stick-meta":"","header-below-stick-meta":"","astra-migrate-meta-layouts":"set","ast-page-background-enabled":"default","ast-page-background-meta":{"desktop":{"background-color":"","background-image":"","background-repeat":"repeat","background-position":"center center","background-size":"auto","background-attachment":"scroll","background-type":"","background-media":"","overlay-type":"","overlay-color":"","overlay-opacity":"","overlay-gradient":""},"tablet":{"background-color":"","background-image":"","background-repeat":"repeat","background-position":"center center","background-size":"auto","background-attachment":"scroll","background-type":"","background-media":"","overlay-type":"","overlay-color":"","overlay-opacity":"","overlay-gradient":""},"mobile":{"background-color":"","background-image":"","background-repeat":"repeat","background-position":"center center","background-size":"auto","background-attachment":"scroll","background-type":"","background-media":"","overlay-type":"","overlay-color":"","overlay-opacity":"","overlay-gradient":""}},"ast-content-background-meta":{"desktop":{"background-color":"var(--ast-global-color-5)","background-image":"","background-repeat":"repeat","background-position":"center center","background-size":"auto","background-attachment":"scroll","background-type":"","background-media":"","overlay-type":"","overlay-color":"","overlay-opacity":"","overlay-gradient":""},"tablet":{"background-color":"var(--ast-global-color-5)","background-image":"","background-repeat":"repeat","background-position":"center center","background-size":"auto","background-attachment":"scroll","background-type":"","background-media":"","overlay-type":"","overlay-color":"","overlay-opacity":"","overlay-gradient":""},"mobile":{"background-color":"var(--ast-global-color-5)","background-image":"","background-repeat":"repeat","background-position":"center center","background-size":"auto","background-attachment":"scroll","background-type":"","background-media":"","overlay-type":"","overlay-color":"","overlay-opacity":"","overlay-gradient":""}},"footnotes":""},"class_list":["post-28470","page","type-page","status-publish","hentry","membership-content","access-restricted"],"_links":{"self":[{"href":"https:\/\/monicablasi.com\/es\/wp-json\/wp\/v2\/pages\/28470","targetHints":{"allow":["GET"]}}],"collection":[{"href":"https:\/\/monicablasi.com\/es\/wp-json\/wp\/v2\/pages"}],"about":[{"href":"https:\/\/monicablasi.com\/es\/wp-json\/wp\/v2\/types\/page"}],"author":[{"embeddable":true,"href":"https:\/\/monicablasi.com\/es\/wp-json\/wp\/v2\/users\/5"}],"replies":[{"embeddable":true,"href":"https:\/\/monicablasi.com\/es\/wp-json\/wp\/v2\/comments?post=28470"}],"version-history":[{"count":25,"href":"https:\/\/monicablasi.com\/es\/wp-json\/wp\/v2\/pages\/28470\/revisions"}],"predecessor-version":[{"id":28610,"href":"https:\/\/monicablasi.com\/es\/wp-json\/wp\/v2\/pages\/28470\/revisions\/28610"}],"wp:attachment":[{"href":"https:\/\/monicablasi.com\/es\/wp-json\/wp\/v2\/media?parent=28470"}],"curies":[{"name":"wp","href":"https:\/\/api.w.org\/{rel}","templated":true}]}}