{"id":25023,"date":"2021-11-08T12:43:16","date_gmt":"2021-11-08T11:43:16","guid":{"rendered":"https:\/\/www.monicablasi.com\/cookies\/"},"modified":"2024-01-10T19:08:22","modified_gmt":"2024-01-10T18:08:22","slug":"cookies","status":"publish","type":"page","link":"https:\/\/monicablasi.com\/es\/cookies\/","title":{"rendered":"Pol\u00edtica de cookies"},"content":{"rendered":"<div data-elementor-type=\"wp-page\" data-elementor-id=\"25023\" class=\"elementor elementor-25023\" data-elementor-post-type=\"page\">\n\t\t\t\t\t\t<section class=\"elementor-section elementor-top-section elementor-element elementor-element-2b3ed5bc elementor-section-boxed elementor-section-height-default elementor-section-height-default\" data-id=\"2b3ed5bc\" data-element_type=\"section\" data-e-type=\"section\">\n\t\t\t\t\t\t<div class=\"elementor-container elementor-column-gap-default\">\n\t\t\t\t\t<div class=\"elementor-column elementor-col-100 elementor-top-column elementor-element elementor-element-f166ed5\" data-id=\"f166ed5\" data-element_type=\"column\" data-e-type=\"column\">\n\t\t\t<div class=\"elementor-widget-wrap elementor-element-populated\">\n\t\t\t\t\t\t<div class=\"elementor-element elementor-element-5ba0b77a elementor-widget elementor-widget-text-editor\" data-id=\"5ba0b77a\" data-element_type=\"widget\" data-e-type=\"widget\" data-widget_type=\"text-editor.default\">\n\t\t\t\t<div class=\"elementor-widget-container\">\n\t\t\t\t\t\t\t\t\t<p>Les cookies s\u00f3n petits fitxers que s&#8217;instal\u00b7len a l&#8217;ordinador de l&#8217;usuari i que permeten al responsable d&#8217;un servei millorar la manera d&#8217;interactuar entre els visitants i el lloc web. En alguns casos, la instal\u00b7laci\u00f3 d&#8217;aquestes cookies requereix el consentiment de l&#8217;usuari.<\/p><p>Hi ha diferents classes de cookies, afectades i no afectades per la Llei:<\/p><p>Cookies no afectades:<\/p><ul><li>T\u00e8cniques: S\u00f3n necess\u00e0ries per a la navegaci\u00f3. Sense elles la p\u00e0gina no funcionaria adequadament.<\/li><li>De personalitzaci\u00f3 o configuraci\u00f3: Permeten que la p\u00e0gina reconegui l&#8217;idioma de l&#8217;usuari, la mida de lletres, etc.<\/li><li>De seguretat: Impedeixen o dificulten atacs contra el lloc web o els usuaris.<\/li><\/ul><p>Cookies afectades:<\/p><ul><li>Anal\u00edtiques: permeten mesurar l&#8217;activitat dels usuaris i elaborar estad\u00edstiques de navegaci\u00f3.<\/li><li>Publicit\u00e0ries: Gestionen la freq\u00fc\u00e8ncia i el contingut dels anuncis.<\/li><li>De seguiment: Emmagatzemen informaci\u00f3 sobre els usuaris per mostrar publicitat personalitzada.<\/li><\/ul><p>\u201cM\u00f2nica Blasi Fisio\u201d informa que el lloc web utilitza les seg\u00fcents cookies al domini monicablasi.com:<\/p><p><strong><u>Cookies t\u00e8cniques necess\u00e0ries<\/u><\/strong>: Les cookies t\u00e8cniques necess\u00e0ries ajuden a fer que un lloc web sigui utilitzable habilitant funcions b\u00e0siques com ara la navegaci\u00f3 per p\u00e0gines i l&#8217;acc\u00e9s a \u00e0rees segures del lloc web. El lloc web no pot funcionar correctament sense aquestes cookies.<\/p><table width=\"714\"><tbody><tr><td width=\"139\">Domini<\/td><td width=\"108\">Titularitat<\/td><td width=\"167\">Nom<\/td><td width=\"148\">Funci\u00f3<\/td><td width=\"58\">Tipus<\/td><td width=\"93\">Duraci\u00f3<\/td><\/tr><tr><td width=\"139\">monicablasi.com<\/td><td width=\"108\">\u201cM\u00f2nica Blasi Fisio\u201d<\/td><td width=\"167\">elementor<\/td><td width=\"148\">Aquesta cookie permet al propietari de la web implementar o canviar contingut de la web en temps real<\/td><td width=\"58\">html<\/td><td width=\"93\">Persistent<\/td><\/tr><\/tbody><\/table><p>\u00a0<\/p><p>Per a m\u00e9s informaci\u00f3 de com gestionar les cookies consulteu els seg\u00fcents enlla\u00e7os:<\/p><p>Chrome des d&#8217;aqu\u00ed: <a href=\"http:\/\/support.google.com\/chrome\/bin\/answer.py?hl=ca&amp;answer=95647\">http:\/\/support.google.com\/chrome\/bin\/answer.py?hl=ca&amp;answer=95647<\/a><\/p><p>Firefox des d&#8217;aqu\u00ed: <a href=\"http:\/\/support.mozilla.org\/es\/kb\/habilitar-y-deshabilitar-cookies-que-los-sitios-we\">http:\/\/support.mozilla.org\/es\/kb\/habilitar-y-deshabilitar-cookies-que-los-sitios-we<\/a><\/p><p>Explorer des d&#8217;aqu\u00ed: <a href=\"https:\/\/support.microsoft.com\/ca-help\/17442\/windows-internet-explorer-delete-manage-cookies\">https:\/\/support.microsoft.com\/ca-help\/17442\/windows-internet-explorer-delete-manage-cookies<\/a><\/p><p>Safari des d&#8217;aqu\u00ed: <a href=\"http:\/\/support.apple.com\/kb\/ph5042\">http:\/\/support.apple.com\/kb\/ph5042<\/a><\/p><p>Opera des d&#8217;aqu\u00ed: <a href=\"http:\/\/help.opera.com\/Windows\/11.50\/ca-ES\/cookies.html\">http:\/\/help.opera.com\/Windows\/11.50\/ca-ES\/cookies.html<\/a><\/p><p>\u00a0<\/p><p><strong>SERVEIS DE TERCERS<\/strong><\/p><p>Addicionalment, \u201cM\u00f2nica Blasi Fisio\u201d t\u00e9 pres\u00e8ncia en portals per als quals, si voleu con\u00e8ixer les condicions de privadesa i \u00fas de cookies, caldr\u00e0 consultar les pol\u00edtiques proporcionades pels mateixos:<\/p><p>Facebook: https:\/\/www.facebook.com\/policies\/cookies\/<br \/>Twitter: https:\/\/twitter.com\/privacy<br \/>Youtube: https:\/\/policies.google.com\/technologies\/cookies?hl=ca<br \/>Linkedin: http:\/\/www.linkedin.com\/legal\/privacy-policy<br \/>Google: https:\/\/policies.google.com\/technologies\/cookies?hl=ca<br \/>Instagram: https:\/\/help.instagram.com\/<\/p>\t\t\t\t\t\t\t\t<\/div>\n\t\t\t\t<\/div>\n\t\t\t\t\t<\/div>\n\t\t<\/div>\n\t\t\t\t\t<\/div>\n\t\t<\/section>\n\t\t\t\t<\/div>","protected":false},"excerpt":{"rendered":"<p>Les cookies s\u00f3n petits fitxers que s&#8217;instal\u00b7len a l&#8217;ordinador de l&#8217;usuari i que permeten al responsable d&#8217;un servei millorar la manera d&#8217;interactuar entre els visitants i el lloc web. En alguns casos, la instal\u00b7laci\u00f3 d&#8217;aquestes cookies requereix el consentiment de l&#8217;usuari. Hi ha diferents classes de cookies, afectades i no afectades per la Llei: Cookies [&hellip;]<\/p>\n","protected":false},"author":1,"featured_media":0,"parent":0,"menu_order":0,"comment_status":"closed","ping_status":"closed","template":"","meta":{"_seopress_robots_primary_cat":"","_seopress_titles_title":"","_seopress_titles_desc":"","_seopress_robots_index":"yes","site-sidebar-layout":"default","site-content-layout":"","ast-site-content-layout":"default","site-content-style":"default","site-sidebar-style":"default","ast-global-header-display":"","ast-banner-title-visibility":"","ast-main-header-display":"","ast-hfb-above-header-display":"","ast-hfb-below-header-display":"","ast-hfb-mobile-header-display":"","site-post-title":"","ast-breadcrumbs-content":"","ast-featured-img":"","footer-sml-layout":"","ast-disable-related-posts":"","theme-transparent-header-meta":"","adv-header-id-meta":"","stick-header-meta":"","header-above-stick-meta":"","header-main-stick-meta":"","header-below-stick-meta":"","astra-migrate-meta-layouts":"default","ast-page-background-enabled":"default","ast-page-background-meta":{"desktop":{"background-color":"","background-image":"","background-repeat":"repeat","background-position":"center center","background-size":"auto","background-attachment":"scroll","background-type":"","background-media":"","overlay-type":"","overlay-color":"","overlay-opacity":"","overlay-gradient":""},"tablet":{"background-color":"","background-image":"","background-repeat":"repeat","background-position":"center center","background-size":"auto","background-attachment":"scroll","background-type":"","background-media":"","overlay-type":"","overlay-color":"","overlay-opacity":"","overlay-gradient":""},"mobile":{"background-color":"","background-image":"","background-repeat":"repeat","background-position":"center center","background-size":"auto","background-attachment":"scroll","background-type":"","background-media":"","overlay-type":"","overlay-color":"","overlay-opacity":"","overlay-gradient":""}},"ast-content-background-meta":{"desktop":{"background-color":"var(--ast-global-color-5)","background-image":"","background-repeat":"repeat","background-position":"center center","background-size":"auto","background-attachment":"scroll","background-type":"","background-media":"","overlay-type":"","overlay-color":"","overlay-opacity":"","overlay-gradient":""},"tablet":{"background-color":"var(--ast-global-color-5)","background-image":"","background-repeat":"repeat","background-position":"center center","background-size":"auto","background-attachment":"scroll","background-type":"","background-media":"","overlay-type":"","overlay-color":"","overlay-opacity":"","overlay-gradient":""},"mobile":{"background-color":"var(--ast-global-color-5)","background-image":"","background-repeat":"repeat","background-position":"center center","background-size":"auto","background-attachment":"scroll","background-type":"","background-media":"","overlay-type":"","overlay-color":"","overlay-opacity":"","overlay-gradient":""}},"footnotes":""},"class_list":["post-25023","page","type-page","status-publish","hentry"],"_links":{"self":[{"href":"https:\/\/monicablasi.com\/es\/wp-json\/wp\/v2\/pages\/25023","targetHints":{"allow":["GET"]}}],"collection":[{"href":"https:\/\/monicablasi.com\/es\/wp-json\/wp\/v2\/pages"}],"about":[{"href":"https:\/\/monicablasi.com\/es\/wp-json\/wp\/v2\/types\/page"}],"author":[{"embeddable":true,"href":"https:\/\/monicablasi.com\/es\/wp-json\/wp\/v2\/users\/1"}],"replies":[{"embeddable":true,"href":"https:\/\/monicablasi.com\/es\/wp-json\/wp\/v2\/comments?post=25023"}],"version-history":[{"count":0,"href":"https:\/\/monicablasi.com\/es\/wp-json\/wp\/v2\/pages\/25023\/revisions"}],"wp:attachment":[{"href":"https:\/\/monicablasi.com\/es\/wp-json\/wp\/v2\/media?parent=25023"}],"curies":[{"name":"wp","href":"https:\/\/api.w.org\/{rel}","templated":true}]}}