{"id":25022,"date":"2021-11-08T12:43:16","date_gmt":"2021-11-08T11:43:16","guid":{"rendered":"https:\/\/www.monicablasi.com\/privacidad\/"},"modified":"2024-01-10T19:06:47","modified_gmt":"2024-01-10T18:06:47","slug":"privacitat","status":"publish","type":"page","link":"https:\/\/monicablasi.com\/es\/privacitat\/","title":{"rendered":"Pol\u00edtica de privadesa"},"content":{"rendered":"<div data-elementor-type=\"wp-page\" data-elementor-id=\"25022\" class=\"elementor elementor-25022\" data-elementor-post-type=\"page\">\n\t\t\t\t\t\t<section class=\"elementor-section elementor-top-section elementor-element elementor-element-6933066c elementor-section-boxed elementor-section-height-default elementor-section-height-default\" data-id=\"6933066c\" data-element_type=\"section\" data-e-type=\"section\">\n\t\t\t\t\t\t<div class=\"elementor-container elementor-column-gap-default\">\n\t\t\t\t\t<div class=\"elementor-column elementor-col-100 elementor-top-column elementor-element elementor-element-702234b5\" data-id=\"702234b5\" data-element_type=\"column\" data-e-type=\"column\">\n\t\t\t<div class=\"elementor-widget-wrap elementor-element-populated\">\n\t\t\t\t\t\t<div class=\"elementor-element elementor-element-f3e2731 elementor-widget elementor-widget-text-editor\" data-id=\"f3e2731\" data-element_type=\"widget\" data-e-type=\"widget\" data-widget_type=\"text-editor.default\">\n\t\t\t\t<div class=\"elementor-widget-container\">\n\t\t\t\t\t\t\t\t\t<table width=\"585\"><tbody><tr><td colspan=\"3\" width=\"585\"><strong>Informaci\u00f3 b\u00e0sica sobre Protecci\u00f3 de Dades<\/strong><\/td><\/tr><tr><td width=\"154\"><strong>Responsable<\/strong><\/td><td width=\"430\"><p>M\u00f2nica Blasi Servitja<\/p><p>DNI: 39361555E<\/p><p>C\/ Sant Crist\u00f2fol, num. 24, bjos, 08243, Manresa<\/p><\/td><td width=\"0\">\u00a0<\/td><\/tr><tr><td width=\"154\"><strong>Contacte<\/strong><\/td><td width=\"430\">Telf: 93 877 48 60<\/td><td width=\"0\">\u00a0<\/td><\/tr><tr><td width=\"154\"><strong>DPD<\/strong><\/td><td width=\"430\">info@monicablasi.com<\/td><td width=\"0\">\u00a0<\/td><\/tr><tr><td width=\"154\"><strong>Finalitat<\/strong><\/td><td width=\"430\"><p>Consultes i sol\u00b7licituds d&#8217;informaci\u00f3 de tercers: Donar resposta a la sol\u00b7licitud plantejada.<\/p><p>Reserva de cita.<\/p><p>Subscripci\u00f3 a la newsletter.<\/p><\/td><td width=\"0\">\u00a0<\/td><\/tr><tr><td width=\"154\"><strong>Legitimaci\u00f3<\/strong><\/td><td width=\"430\"><p>Consultes i sol\u00b7licituds d&#8217;informaci\u00f3 de tercers: Inter\u00e8s leg\u00edtim d&#8217;atenci\u00f3 a l&#8217;interessat i consentiment expl\u00edcit al formulari de contacte.<\/p><p>Reserva de cita: Inter\u00e8s leg\u00edtim d&#8217;atenci\u00f3 a l&#8217;interessat i consentiment expl\u00edcit al formulari de contacte.<\/p><p>Subscripci\u00f3 a la newsletter: Consentiment expl\u00edcit al formulari de contacte.<\/p><\/td><td width=\"0\">\u00a0<\/td><\/tr><tr><td width=\"154\"><strong>Conservaci\u00f3<\/strong><\/td><td width=\"430\">La informaci\u00f3 demanada de la persona interessada ser\u00e0 conservada mentre sigui necess\u00e0ria per complir amb la finalitat per a la qual van ser recollides les dades personals, de manera que, una vegada complerta la finalitat les dades seran cancel\u00b7lades. Aquesta cancel\u00b7laci\u00f3 donar\u00e0 lloc al bloqueig de les dades conservant-se \u00fanicament a disposici\u00f3 de les AAPP, jutges i tribunals, per atendre les possibles responsabilitats nascudes del tractament, durant el termini de prescripci\u00f3 d&#8217;aquestes, complert el termini esmentat es procedir\u00e0 a la destrucci\u00f3 de la informaci\u00f3. A la segona capa informativa es detallen els terminis de conservaci\u00f3 de la informaci\u00f3 en relaci\u00f3 a diferents mat\u00e8ries.<\/td><td width=\"0\">\u00a0<\/td><\/tr><tr><td width=\"154\"><strong>Proced\u00e8ncia<\/strong><\/td><td width=\"430\"><p>Consultes i sol\u00b7licituds d&#8217;informaci\u00f3 de tercers: El mateix interessat o el seu representant legal.<\/p><p>Reserva de cita: El mateix interessat o el seu representant legal.<\/p><p>Subscripci\u00f3 a la newsletter: El mateix interessat o el seu representant legal.<\/p><\/td><td width=\"0\">\u00a0<\/td><\/tr><tr><td width=\"154\"><strong>Destinataris<\/strong><\/td><td width=\"430\">Aquestes dades seran tractades per \u201cM\u00f2nica Blasi Fisio\u201d. Compartim les vostres dades amb prestadors de serveis que ens ajuden o donen suport (encarregats del tractament), amb els quals s&#8217;ha celebrat el preceptiu contracte en els termes de l&#8217;article 28 del RGPD.<\/td><td width=\"0\">\u00a0<\/td><\/tr><tr><td width=\"154\"><strong>Transfer\u00e8ncies internacionals<\/strong><\/td><td width=\"430\">No realitzem transfer\u00e8ncies internacionals amb les vostres dades.<\/td><td width=\"0\">\u00a0<\/td><\/tr><tr><td width=\"154\"><strong>Drets<\/strong><\/td><td width=\"430\">Acc\u00e9s, rectificaci\u00f3, oposici\u00f3, supressi\u00f3, limitaci\u00f3 del tractament i portabilitat de les dades personals, com s&#8217;explica al corresponent apartat.<\/td><td width=\"0\">\u00a0<\/td><\/tr><tr><td width=\"154\"><strong>Informaci\u00f3 addicional<\/strong><\/td><td width=\"430\">Podeu consultar la informaci\u00f3 addicional i detallada sobre Protecci\u00f3 de Dades en el desglossament d&#8217;apartats que us presentem a continuaci\u00f3 (segona capa informativa).<\/td><td width=\"0\">\u00a0<\/td><\/tr><\/tbody><\/table><p><strong>Informaci\u00f3 general<\/strong><\/p><p>Aquesta Pol\u00edtica de Privadesa t\u00e9 com a finalitat donar a con\u00e8ixer les condicions que regeixen la recollida i tractament de les seves dades personals per part de la nostra entitat per vetllar pels drets fonamentals, el seu honor i llibertats, tot aix\u00f2 en compliment de les normatives vigents que regulen la Protecci\u00f3 de Dades personals: el Reglament 2016\/679, del Parlament Europeu i del Consell, de 27 d&#8217;abril de 2016, relatiu a la protecci\u00f3 de les persones f\u00edsiques pel que fa al tractament de dades personals i a la circulaci\u00f3 d&#8217;aquestes dades, (d&#8217;ara endavant RGPD); i la Llei Org\u00e0nica 3\/2018, del 5 de desembre, de Protecci\u00f3 de Dades Personals i garantia dels drets digitals (d&#8217;ara endavant LOPDGDD).<\/p><p>De conformitat amb aquestes normatives, necessitem disposar de la vostra autoritzaci\u00f3 i consentiment per a la recollida i el tractament de les vostres dades personals, per la qual cosa a continuaci\u00f3, us indiquem tots els detalls del vostre inter\u00e8s respecte a com realitzem aquests processos, amb quines finalitats, que altres entitats podrien tenir acc\u00e9s a les vostres dades i quins s\u00f3n els vostres drets.<\/p><p>\u00a0<\/p><p><strong>Responsable. Qui \u00e9s el Responsable del tractament de les vostres dades?<\/strong><\/p><p>El Responsable del Tractament de Dades \u00e9s aquella persona f\u00edsica o jur\u00eddica, de naturalesa p\u00fablica o privada, o \u00f2rgan administratiu, que sol o conjuntament amb altres determini les finalitats i els mitjans del tractament de dades personals.<\/p><p>Us informem que M\u00f2nica Blasi Servitja (d&#8217;ara endavant \u201cM\u00f2nica Blasi Fisio\u201d) \u00e9s la titular de la web monicablasi.com, amb DNI: 39361555E i adre\u00e7a al C\/ Sant Crist\u00f2fol, num. 24, bjos, 08243, Manresa. Podeu contactar per correu electr\u00f2nic a info@monicablasi.com o b\u00e9 telef\u00f2nicament al 93 877 48 60.<\/p><p>Les dades personals que se sol\u00b7licitin, si s\u2019escau, consistiran \u00fanicament en aquelles estrictament imprescindibles per identificar i atendre la sol\u00b7licitud realitzada per la persona titular dels mateixos, d&#8217;ara endavant l&#8217;interessat. Aquesta informaci\u00f3 ser\u00e0 tractada de manera lleial, l\u00edcita i transparent en relaci\u00f3 amb l\u2019interessat. D&#8217;altra banda, les dades personals seran recollides per a finalitats determinades expl\u00edcites i leg\u00edtimes, i no seran tractades ulteriorment de manera incompatible amb aquestes finalitats.<\/p><p>Les dades recollides de cada interessat seran adequades, pertinents i no excessives en relaci\u00f3 a les finalitats corresponents per a cada cas, i seran actualitzades sempre que sigui necessari<\/p><p>La persona titular de les dades ser\u00e0 informada, amb car\u00e0cter previ a la recollida de les seves dades, dels extrems generals regulats en aquesta pol\u00edtica per tal que pugui prestar el consentiment expr\u00e9s, prec\u00eds i inequ\u00edvoc per al tractament de les seves dades, si aquest fos necessari i conforme als aspectes seg\u00fcents.<\/p><p>\u00a0<\/p><p><strong>Finalitat. Amb quina finalitat tractem les vostres dades personals?<\/strong><\/p><p>La informaci\u00f3 personal que ens faciliti a trav\u00e9s dels correus electr\u00f2nics i als formularis es mantindr\u00e0 confidencial i protegida. En cap cas no es destinar\u00e0 o utilitzar\u00e0 per a altres finalitats, ni es lliurar\u00e0 a terceres persones sense el seu consentiment, d&#8217;acord amb els principis del RGPD 679\/2016 i la L.O. 3\/2018. Per complir les diferents disposicions legals, hem establert diferents nivells de seguretat per protegir les dades personals que ens facilitin, havent adoptat totes les mesures t\u00e8cniques al nostre abast per evitar la p\u00e8rdua, mal \u00fas, alteraci\u00f3, acc\u00e9s no autoritzat i manipulaci\u00f3 d&#8217;aquestes dades personals.<\/p><p>A continuaci\u00f3, detallem els usos i finalitats previstes:<\/p><ul><li>Consultes i sol\u00b7licituds d&#8217;informaci\u00f3 de tercers: Donar resposta a la sol\u00b7licitud plantejada.<\/li><li>Reserva de cita.<\/li><li>Subscripci\u00f3 a la newsletter.<\/li><\/ul><p>\u00a0<\/p><p><strong>Legitimaci\u00f3. Quina \u00e9s la legitimaci\u00f3 per al tractament de les vostres dades?<\/strong><\/p><p>La recollida i el tractament de les vostres dades est\u00e0 legitimat sempre per una o diverses bases jur\u00eddiques, les quals detallem a continuaci\u00f3:<\/p><ul><li>Consultes i sol\u00b7licituds d&#8217;informaci\u00f3 de tercers: Inter\u00e8s leg\u00edtim d&#8217;atenci\u00f3 a l&#8217;interessat i consentiment expl\u00edcit al formulari de contacte.<\/li><li>Reserva de cita: Inter\u00e8s leg\u00edtim d&#8217;atenci\u00f3 a l&#8217;interessat i consentiment expl\u00edcit al formulari de contacte.<\/li><li>Subscripci\u00f3 a la newsletter: Consentiment expl\u00edcit al formulari de contacte.<\/li><\/ul><p>\u00a0<\/p><p><strong>Conservaci\u00f3. Per quant de temps conservarem les vostres dades?<\/strong><\/p><p>Utilitzem les vostres dades durant el temps estrictament necessari per complir les finalitats indicades anteriorment. A continuaci\u00f3, us detallem el temps que conservem les dades:<\/p><p>A t\u00edtol informatiu es recullen els terminis de conservaci\u00f3 de la informaci\u00f3 en relaci\u00f3 amb diferents mat\u00e8ries:<\/p><p>\u00a0<\/p><table width=\"100%\"><tbody><tr><td width=\"199\">DOCUMENT<\/td><td width=\"122\">TERMINI<\/td><td width=\"244\">REF.\u00a0 LEGAL<\/td><\/tr><tr><td width=\"199\">Documentaci\u00f3 de car\u00e0cter laboral o relacionada amb la seguretat social<\/td><td width=\"122\">4 anys<\/td><td width=\"244\">Article 21 del Real Decreto Legislatiu 5\/2000, de 4 de agosto, por el que s\u2019aprova el text ref\u00f3s de la Llei sobre Infraccions i Sanciones en l\u2019Ordre Social<\/td><\/tr><tr><td width=\"199\">Documentaci\u00f3 comptable i fiscal a efectes mercantils<\/td><td width=\"122\">6 anys<\/td><td width=\"244\">Art. 30 Codi de Comer\u00e7<\/td><\/tr><tr><td width=\"199\">Documentaci\u00f3 comptable i fiscal a efectes fiscals<\/td><td width=\"122\">4 anys<\/td><td width=\"244\">Articles 66 a 70 Llei General Tributaria<\/td><\/tr><tr><td width=\"199\">Dades per l\u2019enviament d\u2019informaci\u00f3 sobre serveis<\/td><td width=\"122\">Mentre l\u2019interessat no sol\u00b7liciti la\u00a0 supressi\u00f3<\/td><td width=\"244\">No aplicable<\/td><\/tr><tr><td width=\"199\">Dades de persones que han contactat<\/td><td width=\"122\">Mentre no sol\u00b7liciti la supressi\u00f3<\/td><td width=\"244\">No aplicable<\/td><\/tr><tr><td width=\"199\">Hist\u00f2ries Cl\u00edniques<\/td><td width=\"122\">15 anys<\/td><td width=\"244\">Lleu 16\/2010, de 3 de juny, de modificaci\u00f3 de la Llei 21\/2000 sobre els drets d&#8217;informaci\u00f3 relatius a la salut, l&#8217;autonomia del pacient i la documentaci\u00f3 cl\u00ednica<\/td><\/tr><\/tbody><\/table><p>\u00a0<\/p><p><strong>Proced\u00e8ncia. Com hem obtingut les vostres dades?<\/strong><\/p><p>Visitar la web de \u201cM\u00f2nica Blasi Fisio\u201d no suposa que l&#8217;usuari estigui obligat a facilitar cap informaci\u00f3 sobre si mateix.<\/p><p>\u201cM\u00f2nica Blasi Fisio\u201d prohibeix expressament que els menors de divuit anys facilitin dades personals sense el consentiment previ dels seus pares o tutors.<\/p><p>A continuaci\u00f3, us indiquem la proced\u00e8ncia de les dades:<\/p><p>Consultes i sol\u00b7licituds d&#8217;informaci\u00f3 de tercers: El mateix interessat o el seu representant legal.<\/p><p>Reserva de cita: El mateix interessat o el seu representant legal.<\/p><p>Al nostre perfil d\u2019Instagram tamb\u00e9 por sol\u00b7licitar cita; en aquest formulari se li sol\u00b7licitar\u00e0 el nom complert, la seva adre\u00e7a de correu electr\u00f2nic i el tel\u00e8fon de contacte.<\/p><p>Subscripci\u00f3 a la newsletter: El mateix interessat o el seu representant legal.<\/p><p>\u00a0<\/p><p><strong>Mesures de seguretat. Qu\u00e8 fem per protegir les vostres dades?<\/strong><\/p><p>\u201cM\u00f2nica Blasi Fisio\u201d adopta les mesures organitzatives i t\u00e8cniques necess\u00e0ries per garantir la seguretat i la privadesa de les seves dades, evitar la seva alteraci\u00f3, p\u00e8rdua, tractament o acc\u00e9s no autoritzat, depenent de l&#8217;estat de la tecnologia, la naturalesa de les dades emmagatzemades i els riscos al fet que estan exposats.<\/p><p>Entre altres, destaquen les mesures seg\u00fcents:<\/p><ul><li>Garantir la confidencialitat, integritat, disponibilitat i resili\u00e8ncia permanents dels sistemes i serveis de tractament.<\/li><li>Restaurar la disponibilitat i l&#8217;acc\u00e9s a les dades personals de manera r\u00e0pida, en cas d&#8217;incident f\u00edsic o t\u00e8cnic.<\/li><li>Verificar, avaluar i valorar, de manera regular, l&#8217;efic\u00e0cia de les mesures t\u00e8cniques i organitzatives implementades per garantir la seguretat del tractament.<\/li><li>Seudonimitzar i xifrar les dades personals, en cas que es tracti de dades sensibles.<\/li><\/ul><p>\u00a0<\/p><p><strong>Destinataris. A quins destinataris es comunicaran les vostres dades?<\/strong><\/p><p>Aquestes dades seran tractades per \u201cM\u00f2nica Blasi Fisio\u201d. Compartim les vostres dades amb prestadors de serveis que ens ajuden o donen suport (encarregats del tractament), amb els quals s&#8217;ha celebrat el preceptiu contracte en els termes de l&#8217;article 28 del RGPD.<\/p><p>La plataforma de reserva de cites que utilitzem al perfil de la nostra xarxa social Instagram s\u2019anomena Zappy Software <a href=\"https:\/\/es.zappysoftware.com\/privacy\">https:\/\/es.zappysoftware.com\/privacy<\/a><\/p><p>No realitzem transfer\u00e8ncies internacionals amb les vostres dades personals.<\/p><p>\u00a0<\/p><p><strong>Drets. Quins s\u00f3n els vostres drets quan ens faciliteu les vostres dades?<\/strong><\/p><p>La normativa vigent de protecci\u00f3 de dades us empara en una s\u00e8rie de drets en relaci\u00f3 amb l&#8217;\u00fas que donem a les vostres dades personals. Tots i cadascun dels seus drets s\u00f3n unipersonals i intransferibles, \u00e9s a dir, que \u00fanicament poden ser exercits pel titular de les dades, amb la comprovaci\u00f3 pr\u00e8via de la seva identitat.<\/p><p>A continuaci\u00f3, us indiquem quins s\u00f3n els drets que us assisteixen:<\/p><ul><li>Sol\u00b7licitar l&#8217;acc\u00e9s a les vostres dades personals<\/li><li>Sol\u00b7licitar la rectificaci\u00f3 de les vostres dades<\/li><li>Sol\u00b7licitar la supressi\u00f3 o eliminaci\u00f3 de les vostres dades (dret a \u00abl&#8217;oblit\u00bb)<\/li><li>Limitar o oposar-se a l&#8217;\u00fas que donem a les vostres dades<\/li><li>Dret a la portabilitat de les vostres dades per a casos de serveis de telecomunicacions o internet.<\/li><li>Dret a retirar el seu consentiment en qualsevol moment<\/li><li>Dret a presentar una reclamaci\u00f3 en mat\u00e8ria de protecci\u00f3 de dades davant de l&#8217;Autoritat de Control: Ag\u00e8ncia Espanyola de Protecci\u00f3 de Dades<\/li><\/ul><p>\u00a0<\/p><p>Com podeu exercir els vostres drets?<\/p><p>Per a l&#8217;exercici dels vostres drets d&#8217;acc\u00e9s, rectificaci\u00f3, supressi\u00f3, limitaci\u00f3 o oposici\u00f3, portabilitat i retirada del vostre consentiment, podeu fer-ho de la manera seg\u00fcent:<\/p><p>\u00a0<\/p><p>Presencialment o per correu electr\u00f2nic a:<\/p><p>M\u00f2nica Blasi Servitja<br \/>DNI: 39361555E<br \/>info@monicablasi.com<\/p><p>\u00a0<\/p><p>A m\u00e9s dels drets que us assisteixen, si creieu que les vostres dades no s&#8217;estan demanant o tractant d&#8217;acord amb la normativa vigent de Protecci\u00f3 de Dades, podreu realitzar una reclamaci\u00f3 davant l&#8217;Autoritat de Control, les dades de contacte de les quals indiquem a continuaci\u00f3:<\/p><p>\u00a0<\/p><p>Ag\u00e8ncia Espanyola de Protecci\u00f3 de Dades<\/p><p>C\/ Jorge Juan, 6. 28001, Madrid.<br \/>Email: info@agpd.es<br \/>Tel\u00e8fon: 912663517<br \/>Web: https:\/\/www.agpd.es<\/p><p>\u00a0<\/p><p><strong>Consentiment i acceptaci\u00f3<\/strong><\/p><p>L&#8217;acceptaci\u00f3 del present document indica que vost\u00e8 ent\u00e9n i accepta totes les cl\u00e0usules de la nostra pol\u00edtica de privacitat pel que autoritza la recollida i el tractament de les seves dades personals en aquests termes.<\/p>\t\t\t\t\t\t\t\t<\/div>\n\t\t\t\t<\/div>\n\t\t\t\t\t<\/div>\n\t\t<\/div>\n\t\t\t\t\t<\/div>\n\t\t<\/section>\n\t\t\t\t<\/div>","protected":false},"excerpt":{"rendered":"<p>Informaci\u00f3 b\u00e0sica sobre Protecci\u00f3 de Dades Responsable M\u00f2nica Blasi Servitja DNI: 39361555E C\/ Sant Crist\u00f2fol, num. 24, bjos, 08243, Manresa \u00a0 Contacte Telf: 93 877 48 60 \u00a0 DPD info@monicablasi.com \u00a0 Finalitat Consultes i sol\u00b7licituds d&#8217;informaci\u00f3 de tercers: Donar resposta a la sol\u00b7licitud plantejada. Reserva de cita. Subscripci\u00f3 a la newsletter. \u00a0 Legitimaci\u00f3 Consultes i [&hellip;]<\/p>\n","protected":false},"author":1,"featured_media":0,"parent":0,"menu_order":0,"comment_status":"closed","ping_status":"closed","template":"","meta":{"_seopress_robots_primary_cat":"","_seopress_titles_title":"","_seopress_titles_desc":"","_seopress_robots_index":"yes","site-sidebar-layout":"default","site-content-layout":"","ast-site-content-layout":"default","site-content-style":"default","site-sidebar-style":"default","ast-global-header-display":"","ast-banner-title-visibility":"","ast-main-header-display":"","ast-hfb-above-header-display":"","ast-hfb-below-header-display":"","ast-hfb-mobile-header-display":"","site-post-title":"","ast-breadcrumbs-content":"","ast-featured-img":"","footer-sml-layout":"","ast-disable-related-posts":"","theme-transparent-header-meta":"","adv-header-id-meta":"","stick-header-meta":"","header-above-stick-meta":"","header-main-stick-meta":"","header-below-stick-meta":"","astra-migrate-meta-layouts":"default","ast-page-background-enabled":"default","ast-page-background-meta":{"desktop":{"background-color":"","background-image":"","background-repeat":"repeat","background-position":"center center","background-size":"auto","background-attachment":"scroll","background-type":"","background-media":"","overlay-type":"","overlay-color":"","overlay-opacity":"","overlay-gradient":""},"tablet":{"background-color":"","background-image":"","background-repeat":"repeat","background-position":"center center","background-size":"auto","background-attachment":"scroll","background-type":"","background-media":"","overlay-type":"","overlay-color":"","overlay-opacity":"","overlay-gradient":""},"mobile":{"background-color":"","background-image":"","background-repeat":"repeat","background-position":"center center","background-size":"auto","background-attachment":"scroll","background-type":"","background-media":"","overlay-type":"","overlay-color":"","overlay-opacity":"","overlay-gradient":""}},"ast-content-background-meta":{"desktop":{"background-color":"var(--ast-global-color-5)","background-image":"","background-repeat":"repeat","background-position":"center center","background-size":"auto","background-attachment":"scroll","background-type":"","background-media":"","overlay-type":"","overlay-color":"","overlay-opacity":"","overlay-gradient":""},"tablet":{"background-color":"var(--ast-global-color-5)","background-image":"","background-repeat":"repeat","background-position":"center center","background-size":"auto","background-attachment":"scroll","background-type":"","background-media":"","overlay-type":"","overlay-color":"","overlay-opacity":"","overlay-gradient":""},"mobile":{"background-color":"var(--ast-global-color-5)","background-image":"","background-repeat":"repeat","background-position":"center center","background-size":"auto","background-attachment":"scroll","background-type":"","background-media":"","overlay-type":"","overlay-color":"","overlay-opacity":"","overlay-gradient":""}},"footnotes":""},"class_list":["post-25022","page","type-page","status-publish","hentry"],"_links":{"self":[{"href":"https:\/\/monicablasi.com\/es\/wp-json\/wp\/v2\/pages\/25022","targetHints":{"allow":["GET"]}}],"collection":[{"href":"https:\/\/monicablasi.com\/es\/wp-json\/wp\/v2\/pages"}],"about":[{"href":"https:\/\/monicablasi.com\/es\/wp-json\/wp\/v2\/types\/page"}],"author":[{"embeddable":true,"href":"https:\/\/monicablasi.com\/es\/wp-json\/wp\/v2\/users\/1"}],"replies":[{"embeddable":true,"href":"https:\/\/monicablasi.com\/es\/wp-json\/wp\/v2\/comments?post=25022"}],"version-history":[{"count":0,"href":"https:\/\/monicablasi.com\/es\/wp-json\/wp\/v2\/pages\/25022\/revisions"}],"wp:attachment":[{"href":"https:\/\/monicablasi.com\/es\/wp-json\/wp\/v2\/media?parent=25022"}],"curies":[{"name":"wp","href":"https:\/\/api.w.org\/{rel}","templated":true}]}}