{"id":104,"date":"2020-10-07T07:59:03","date_gmt":"2020-10-07T05:59:03","guid":{"rendered":"http:\/\/www.monicablasi.com\/?page_id=104"},"modified":"2024-12-17T11:27:36","modified_gmt":"2024-12-17T10:27:36","slug":"qui-som","status":"publish","type":"page","link":"https:\/\/monicablasi.com\/es\/qui-som\/","title":{"rendered":"Qui som"},"content":{"rendered":"<div data-elementor-type=\"wp-page\" data-elementor-id=\"104\" class=\"elementor elementor-104\" data-elementor-post-type=\"page\">\n\t\t\t\t\t\t<section class=\"elementor-section elementor-top-section elementor-element elementor-element-fbc1a74 elementor-section-boxed elementor-section-height-default elementor-section-height-default\" data-id=\"fbc1a74\" data-element_type=\"section\" data-e-type=\"section\">\n\t\t\t\t\t\t<div class=\"elementor-container elementor-column-gap-no\">\n\t\t\t\t\t<div class=\"elementor-column elementor-col-50 elementor-top-column elementor-element elementor-element-7ca68b6\" data-id=\"7ca68b6\" data-element_type=\"column\" data-e-type=\"column\">\n\t\t\t<div class=\"elementor-widget-wrap elementor-element-populated\">\n\t\t\t\t\t\t<div class=\"elementor-element elementor-element-9fb9915 elementor-absolute elementor-widget elementor-widget-image\" data-id=\"9fb9915\" data-element_type=\"widget\" data-e-type=\"widget\" data-settings=\"{&quot;_position&quot;:&quot;absolute&quot;}\" data-widget_type=\"image.default\">\n\t\t\t\t<div class=\"elementor-widget-container\">\n\t\t\t\t\t\t\t\t\t\t\t\t\t\t\t<img fetchpriority=\"high\" decoding=\"async\" width=\"400\" height=\"192\" src=\"https:\/\/monicablasi.com\/wp-content\/uploads\/2021\/03\/pattern-blasi.png\" class=\"attachment-large size-large wp-image-24426\" alt=\"Element decoratiu\" srcset=\"https:\/\/monicablasi.com\/wp-content\/uploads\/2021\/03\/pattern-blasi.png 400w, https:\/\/monicablasi.com\/wp-content\/uploads\/2021\/03\/pattern-blasi-300x144.png 300w\" sizes=\"(max-width: 400px) 100vw, 400px\" \/>\t\t\t\t\t\t\t\t\t\t\t\t\t\t\t<\/div>\n\t\t\t\t<\/div>\n\t\t\t\t<div class=\"elementor-element elementor-element-6991c9e elementor-widget elementor-widget-text-editor\" data-id=\"6991c9e\" data-element_type=\"widget\" data-e-type=\"widget\" data-widget_type=\"text-editor.default\">\n\t\t\t\t<div class=\"elementor-widget-container\">\n\t\t\t\t\t\t\t\t\t<p>La meva passi\u00f3 per l\u2019esport, la meva curiositat pel funcionament del cos hum\u00e0 i les ganes de poder ajudar la gent em porten a estudiar Fisioter\u00e0pia (1992-95).<\/p><p>D\u2019aquesta manera continuo des d\u2019una altra perspectiva vinculada a l\u2019esport.\u00a0<\/p><p>Sempre he intentat estar al dia del que va sortint fent formaci\u00f3 constant. Vaig ser una de les primeres de la comarca que va utilitzar l\u2019indiba com a ter\u00e0pia de fisioter\u00e0pia i \u00faltimament estem obrint cam\u00ed cap a l\u2019exercici terap\u00e8utic com a complement del tractament.<\/p>\t\t\t\t\t\t\t\t<\/div>\n\t\t\t\t<\/div>\n\t\t\t\t\t<\/div>\n\t\t<\/div>\n\t\t\t\t<div class=\"elementor-column elementor-col-50 elementor-top-column elementor-element elementor-element-b8f3b60\" data-id=\"b8f3b60\" data-element_type=\"column\" data-e-type=\"column\">\n\t\t\t<div class=\"elementor-widget-wrap elementor-element-populated\">\n\t\t\t\t\t\t<div class=\"elementor-element elementor-element-0b05ec6 elementor-widget elementor-widget-image\" data-id=\"0b05ec6\" data-element_type=\"widget\" data-e-type=\"widget\" data-widget_type=\"image.default\">\n\t\t\t\t<div class=\"elementor-widget-container\">\n\t\t\t\t\t\t\t\t\t\t\t\t\t\t\t<img decoding=\"async\" width=\"533\" height=\"800\" src=\"https:\/\/monicablasi.com\/wp-content\/uploads\/2021\/10\/monica-blasi-1.jpg\" class=\"attachment-full size-full wp-image-24766\" alt=\"M\u00f2nica Blasi Fisioter\u00e0pia\" srcset=\"https:\/\/monicablasi.com\/wp-content\/uploads\/2021\/10\/monica-blasi-1.jpg 533w, https:\/\/monicablasi.com\/wp-content\/uploads\/2021\/10\/monica-blasi-1-200x300.jpg 200w\" sizes=\"(max-width: 533px) 100vw, 533px\" \/>\t\t\t\t\t\t\t\t\t\t\t\t\t\t\t<\/div>\n\t\t\t\t<\/div>\n\t\t\t\t\t<\/div>\n\t\t<\/div>\n\t\t\t\t\t<\/div>\n\t\t<\/section>\n\t\t\t\t<section class=\"elementor-section elementor-top-section elementor-element elementor-element-cf13916 elementor-section-height-min-height elementor-section-boxed elementor-section-height-default elementor-section-items-middle\" data-id=\"cf13916\" data-element_type=\"section\" data-e-type=\"section\" data-settings=\"{&quot;background_background&quot;:&quot;classic&quot;}\">\n\t\t\t\t\t\t\t<div class=\"elementor-background-overlay\"><\/div>\n\t\t\t\t\t\t\t<div class=\"elementor-container elementor-column-gap-default\">\n\t\t\t\t\t<div class=\"elementor-column elementor-col-100 elementor-top-column elementor-element elementor-element-05c9338\" data-id=\"05c9338\" data-element_type=\"column\" data-e-type=\"column\">\n\t\t\t<div class=\"elementor-widget-wrap elementor-element-populated\">\n\t\t\t\t\t\t<div class=\"elementor-element elementor-element-c95822d elementor-widget elementor-widget-heading\" data-id=\"c95822d\" data-element_type=\"widget\" data-e-type=\"widget\" data-widget_type=\"heading.default\">\n\t\t\t\t<div class=\"elementor-widget-container\">\n\t\t\t\t\t<h3 class=\"elementor-heading-title elementor-size-default\">La nostra filosofia i m\u00e8tode de treball es centra en oferir un tractament totalment individualitzat, fent una exploraci\u00f3 global i exhaustiva que permet identificar la problem\u00e0tica i oferir el tractament m\u00e9s adient a la patologia del pacient.<\/h3>\t\t\t\t<\/div>\n\t\t\t\t<\/div>\n\t\t\t\t\t<\/div>\n\t\t<\/div>\n\t\t\t\t\t<\/div>\n\t\t<\/section>\n\t\t\t\t<section class=\"elementor-section elementor-top-section elementor-element elementor-element-cbb1b21 elementor-section-boxed elementor-section-height-default elementor-section-height-default\" data-id=\"cbb1b21\" data-element_type=\"section\" data-e-type=\"section\">\n\t\t\t\t\t\t<div class=\"elementor-container elementor-column-gap-default\">\n\t\t\t\t\t<div class=\"elementor-column elementor-col-100 elementor-top-column elementor-element elementor-element-4aff93e\" data-id=\"4aff93e\" data-element_type=\"column\" data-e-type=\"column\">\n\t\t\t<div class=\"elementor-widget-wrap elementor-element-populated\">\n\t\t\t\t\t\t<div class=\"elementor-element elementor-element-30bfbc4 elementor-widget elementor-widget-heading\" data-id=\"30bfbc4\" data-element_type=\"widget\" data-e-type=\"widget\" data-widget_type=\"heading.default\">\n\t\t\t\t<div class=\"elementor-widget-container\">\n\t\t\t\t\t<div class=\"elementor-heading-title elementor-size-default\">Coneix una mica m\u00e9s sobre mi<\/div>\t\t\t\t<\/div>\n\t\t\t\t<\/div>\n\t\t\t\t<div class=\"elementor-element elementor-element-48480bc elementor-widget elementor-widget-heading\" data-id=\"48480bc\" data-element_type=\"widget\" data-e-type=\"widget\" data-widget_type=\"heading.default\">\n\t\t\t\t<div class=\"elementor-widget-container\">\n\t\t\t\t\t<h2 class=\"elementor-heading-title elementor-size-default\">Traject\u00f2ria professional<\/h2>\t\t\t\t<\/div>\n\t\t\t\t<\/div>\n\t\t\t\t<section class=\"elementor-section elementor-inner-section elementor-element elementor-element-e3cfc7e elementor-section-boxed elementor-section-height-default elementor-section-height-default\" data-id=\"e3cfc7e\" data-element_type=\"section\" data-e-type=\"section\">\n\t\t\t\t\t\t<div class=\"elementor-container elementor-column-gap-default\">\n\t\t\t\t\t<div class=\"elementor-column elementor-col-50 elementor-inner-column elementor-element elementor-element-9671757\" data-id=\"9671757\" data-element_type=\"column\" data-e-type=\"column\">\n\t\t\t<div class=\"elementor-widget-wrap elementor-element-populated\">\n\t\t\t\t\t\t<div class=\"elementor-element elementor-element-54a47e8 elementor-widget elementor-widget-text-editor\" data-id=\"54a47e8\" data-element_type=\"widget\" data-e-type=\"widget\" data-widget_type=\"text-editor.default\">\n\t\t\t\t<div class=\"elementor-widget-container\">\n\t\t\t\t\t\t\t\t\t<p>En uns inicis vaig estar col\u00b7laborant com a Fisioterapeuta a la Sel\u00b7lecci\u00f3 Catalana de B\u00e0squet. Amb aquesta experi\u00e8ncia i amb l&#8217;Stage com a fisioterapeuta al CAR (Centre d\u2019Alt Rendiment) de Sant Cugat vaig decidir especialitzar-me en el camp esportiu.<\/p><p>Tamb\u00e9 m\u2019agrada molt fer seguiment de curses i he col\u00b7laborat amb unes quantes oferint els serveis de Fisioter\u00e0pia als corredors un cop acaba la cursa.<\/p><p>\u00a0<\/p>\t\t\t\t\t\t\t\t<\/div>\n\t\t\t\t<\/div>\n\t\t\t\t\t<\/div>\n\t\t<\/div>\n\t\t\t\t<div class=\"elementor-column elementor-col-50 elementor-inner-column elementor-element elementor-element-c5b5e36\" data-id=\"c5b5e36\" data-element_type=\"column\" data-e-type=\"column\">\n\t\t\t<div class=\"elementor-widget-wrap elementor-element-populated\">\n\t\t\t\t\t\t<div class=\"elementor-element elementor-element-f623e54 elementor-widget elementor-widget-text-editor\" data-id=\"f623e54\" data-element_type=\"widget\" data-e-type=\"widget\" data-widget_type=\"text-editor.default\">\n\t\t\t\t<div class=\"elementor-widget-container\">\n\t\t\t\t\t\t\t\t\t<p>El centre de Fisioter\u00e0pia&nbsp;<strong>M\u00f2nica Blasi <\/strong>neix l\u2019any 2.007. Despr\u00e9s d\u2019una llarga traject\u00f2ria en diferents centres i d&#8217;agafar una amplia experi\u00e8ncia professional, decideixo emprendre un nou projecte personal i professional obrint un centre propi. &nbsp;Des de llavors la meva tasca s\u2019ha centrat en oferir una atenci\u00f3 personalitzada i tractaments adaptats a les necessitats de cada pacient, millorant la seva qualitat de vida i benestar.<\/p>\t\t\t\t\t\t\t\t<\/div>\n\t\t\t\t<\/div>\n\t\t\t\t\t<\/div>\n\t\t<\/div>\n\t\t\t\t\t<\/div>\n\t\t<\/section>\n\t\t\t\t\t<\/div>\n\t\t<\/div>\n\t\t\t\t\t<\/div>\n\t\t<\/section>\n\t\t\t\t<section class=\"elementor-section elementor-top-section elementor-element elementor-element-8832256 elementor-section-boxed elementor-section-height-default elementor-section-height-default\" data-id=\"8832256\" data-element_type=\"section\" data-e-type=\"section\" data-settings=\"{&quot;background_background&quot;:&quot;classic&quot;}\">\n\t\t\t\t\t\t<div class=\"elementor-container elementor-column-gap-no\">\n\t\t\t\t\t<div class=\"elementor-column elementor-col-100 elementor-top-column elementor-element elementor-element-9d01362\" data-id=\"9d01362\" data-element_type=\"column\" data-e-type=\"column\">\n\t\t\t<div class=\"elementor-widget-wrap elementor-element-populated\">\n\t\t\t\t\t\t<div class=\"elementor-element elementor-element-513c98d elementor-widget elementor-widget-heading\" data-id=\"513c98d\" data-element_type=\"widget\" data-e-type=\"widget\" data-widget_type=\"heading.default\">\n\t\t\t\t<div class=\"elementor-widget-container\">\n\t\t\t\t\t<div class=\"elementor-heading-title elementor-size-default\">ALTRES PROFESSIONALS DEL CENTRE<\/div>\t\t\t\t<\/div>\n\t\t\t\t<\/div>\n\t\t\t\t<div class=\"elementor-element elementor-element-db71872 elementor-widget elementor-widget-heading\" data-id=\"db71872\" data-element_type=\"widget\" data-e-type=\"widget\" data-widget_type=\"heading.default\">\n\t\t\t\t<div class=\"elementor-widget-container\">\n\t\t\t\t\t<h2 class=\"elementor-heading-title elementor-size-default\">Coneix l'equip<\/h2>\t\t\t\t<\/div>\n\t\t\t\t<\/div>\n\t\t\t\t<div class=\"elementor-element elementor-element-340256c elementor-widget elementor-widget-text-editor\" data-id=\"340256c\" data-element_type=\"widget\" data-e-type=\"widget\" data-widget_type=\"text-editor.default\">\n\t\t\t\t<div class=\"elementor-widget-container\">\n\t\t\t\t\t\t\t\t\t<p>El centre ha anat ampliant el servei amb altres professionals per tal de cobrir totes les necessitats dels pacients.<\/p>\t\t\t\t\t\t\t\t<\/div>\n\t\t\t\t<\/div>\n\t\t\t\t<section class=\"elementor-section elementor-inner-section elementor-element elementor-element-eeb73ba elementor-section-boxed elementor-section-height-default elementor-section-height-default\" data-id=\"eeb73ba\" data-element_type=\"section\" data-e-type=\"section\">\n\t\t\t\t\t\t<div class=\"elementor-container elementor-column-gap-no\">\n\t\t\t\t\t<div class=\"elementor-column elementor-col-100 elementor-inner-column elementor-element elementor-element-c11f5ac\" data-id=\"c11f5ac\" data-element_type=\"column\" data-e-type=\"column\">\n\t\t\t<div class=\"elementor-widget-wrap elementor-element-populated\">\n\t\t\t\t\t\t<div class=\"elementor-element elementor-element-d83aebe elementor-position-right elementor-vertical-align-middle elementor-widget elementor-widget-image-box\" data-id=\"d83aebe\" data-element_type=\"widget\" data-e-type=\"widget\" data-widget_type=\"image-box.default\">\n\t\t\t\t<div class=\"elementor-widget-container\">\n\t\t\t\t\t<div class=\"elementor-image-box-wrapper\"><figure class=\"elementor-image-box-img\"><img decoding=\"async\" width=\"800\" height=\"800\" src=\"https:\/\/monicablasi.com\/wp-content\/uploads\/2021\/10\/jordi.jpg\" class=\"attachment-full size-full wp-image-24768\" alt=\"\" srcset=\"https:\/\/monicablasi.com\/wp-content\/uploads\/2021\/10\/jordi.jpg 800w, https:\/\/monicablasi.com\/wp-content\/uploads\/2021\/10\/jordi-300x300.jpg 300w, https:\/\/monicablasi.com\/wp-content\/uploads\/2021\/10\/jordi-100x100.jpg 100w, https:\/\/monicablasi.com\/wp-content\/uploads\/2021\/10\/jordi-600x600.jpg 600w, https:\/\/monicablasi.com\/wp-content\/uploads\/2021\/10\/jordi-150x150.jpg 150w, https:\/\/monicablasi.com\/wp-content\/uploads\/2021\/10\/jordi-768x768.jpg 768w\" sizes=\"(max-width: 800px) 100vw, 800px\" \/><\/figure><div class=\"elementor-image-box-content\"><h3 class=\"elementor-image-box-title\">Jordi Rodr\u00edguez<\/h3><p class=\"elementor-image-box-description\">Va estudiar Fisioter\u00e0pia a la FUB (2013). Va treballar en diversos centres com a Fisioterapeuta, s\u2019especialitza en Osteopatia i comen\u00e7a a treballar al centre el 2017.<\/p><\/div><\/div>\t\t\t\t<\/div>\n\t\t\t\t<\/div>\n\t\t\t\t<div class=\"elementor-element elementor-element-efb793c elementor-widget__width-auto elementor-absolute elementor-widget elementor-widget-image\" data-id=\"efb793c\" data-element_type=\"widget\" data-e-type=\"widget\" data-settings=\"{&quot;_position&quot;:&quot;absolute&quot;}\" data-widget_type=\"image.default\">\n\t\t\t\t<div class=\"elementor-widget-container\">\n\t\t\t\t\t\t\t\t\t\t\t\t\t\t\t<img fetchpriority=\"high\" decoding=\"async\" width=\"400\" height=\"192\" src=\"https:\/\/monicablasi.com\/wp-content\/uploads\/2021\/03\/pattern-blasi.png\" class=\"attachment-large size-large wp-image-24426\" alt=\"Element decoratiu\" srcset=\"https:\/\/monicablasi.com\/wp-content\/uploads\/2021\/03\/pattern-blasi.png 400w, https:\/\/monicablasi.com\/wp-content\/uploads\/2021\/03\/pattern-blasi-300x144.png 300w\" sizes=\"(max-width: 400px) 100vw, 400px\" \/>\t\t\t\t\t\t\t\t\t\t\t\t\t\t\t<\/div>\n\t\t\t\t<\/div>\n\t\t\t\t<div class=\"elementor-element elementor-element-6960732 elementor-widget__width-auto elementor-absolute elementor-widget elementor-widget-image\" data-id=\"6960732\" data-element_type=\"widget\" data-e-type=\"widget\" data-settings=\"{&quot;_position&quot;:&quot;absolute&quot;}\" data-widget_type=\"image.default\">\n\t\t\t\t<div class=\"elementor-widget-container\">\n\t\t\t\t\t\t\t\t\t\t\t\t\t\t\t<img fetchpriority=\"high\" decoding=\"async\" width=\"400\" height=\"192\" src=\"https:\/\/monicablasi.com\/wp-content\/uploads\/2021\/03\/pattern-blasi.png\" class=\"attachment-large size-large wp-image-24426\" alt=\"Element decoratiu\" srcset=\"https:\/\/monicablasi.com\/wp-content\/uploads\/2021\/03\/pattern-blasi.png 400w, https:\/\/monicablasi.com\/wp-content\/uploads\/2021\/03\/pattern-blasi-300x144.png 300w\" sizes=\"(max-width: 400px) 100vw, 400px\" \/>\t\t\t\t\t\t\t\t\t\t\t\t\t\t\t<\/div>\n\t\t\t\t<\/div>\n\t\t\t\t\t<\/div>\n\t\t<\/div>\n\t\t\t\t\t<\/div>\n\t\t<\/section>\n\t\t\t\t<section class=\"elementor-section elementor-inner-section elementor-element elementor-element-f6528d2 elementor-section-boxed elementor-section-height-default elementor-section-height-default\" data-id=\"f6528d2\" data-element_type=\"section\" data-e-type=\"section\">\n\t\t\t\t\t\t<div class=\"elementor-container elementor-column-gap-no\">\n\t\t\t\t\t<div class=\"elementor-column elementor-col-100 elementor-inner-column elementor-element elementor-element-1d6c9db\" data-id=\"1d6c9db\" data-element_type=\"column\" data-e-type=\"column\">\n\t\t\t<div class=\"elementor-widget-wrap elementor-element-populated\">\n\t\t\t\t\t\t<div class=\"elementor-element elementor-element-8defa51 elementor-position-left elementor-vertical-align-middle elementor-widget elementor-widget-image-box\" data-id=\"8defa51\" data-element_type=\"widget\" data-e-type=\"widget\" data-widget_type=\"image-box.default\">\n\t\t\t\t<div class=\"elementor-widget-container\">\n\t\t\t\t\t<div class=\"elementor-image-box-wrapper\"><figure class=\"elementor-image-box-img\"><img loading=\"lazy\" decoding=\"async\" width=\"1088\" height=\"1088\" src=\"https:\/\/monicablasi.com\/wp-content\/uploads\/2024\/12\/ona.jpg\" class=\"attachment-full size-full wp-image-28649\" alt=\"\" srcset=\"https:\/\/monicablasi.com\/wp-content\/uploads\/2024\/12\/ona.jpg 1088w, https:\/\/monicablasi.com\/wp-content\/uploads\/2024\/12\/ona-300x300.jpg 300w, https:\/\/monicablasi.com\/wp-content\/uploads\/2024\/12\/ona-1024x1024.jpg 1024w, https:\/\/monicablasi.com\/wp-content\/uploads\/2024\/12\/ona-150x150.jpg 150w, https:\/\/monicablasi.com\/wp-content\/uploads\/2024\/12\/ona-768x768.jpg 768w, https:\/\/monicablasi.com\/wp-content\/uploads\/2024\/12\/ona-600x600.jpg 600w, https:\/\/monicablasi.com\/wp-content\/uploads\/2024\/12\/ona-100x100.jpg 100w\" sizes=\"(max-width: 1088px) 100vw, 1088px\" \/><\/figure><div class=\"elementor-image-box-content\"><h3 class=\"elementor-image-box-title\">Ona Rodr\u00edguez<\/h3><p class=\"elementor-image-box-description\"> Va fer el Doble Grau de Fisioter\u00e0pia i Ci\u00e8ncies de l\u2019activitat f\u00edsica i Esport a Lleida 2021. Despr\u00e9s va realitzar el M\u00e0ster de Fisioter\u00e0pia Esportiva a la Universitat Europea. Escuela Universitaria Real Madrid. Tamb\u00e9 s\u2019ha format en Pilates Reformer.\nHa treballat en diversos centres i compagina la feina amb la coordinaci\u00f3 i entrenadora en un club de Futbol.\nComen\u00e7a a treballar al nostre centre el 2024.\n<\/p><\/div><\/div>\t\t\t\t<\/div>\n\t\t\t\t<\/div>\n\t\t\t\t\t<\/div>\n\t\t<\/div>\n\t\t\t\t\t<\/div>\n\t\t<\/section>\n\t\t\t\t\t<\/div>\n\t\t<\/div>\n\t\t\t\t\t<\/div>\n\t\t<\/section>\n\t\t\t\t<\/div>","protected":false},"excerpt":{"rendered":"<p>Qui s\u00f3c La meva passi\u00f3 per l\u2019esport, la meva curiositat pel funcionament del cos hum\u00e0 i les ganes de poder ajudar la gent em porten a estudiar Fisioter\u00e0pia (1992-95). D\u2019aquesta manera continuo des d\u2019una altra perspectiva vinculada a l\u2019esport.\u00a0 Sempre he intentat estar al dia del que va sortint fent formaci\u00f3 constant. Vaig ser una [&hellip;]<\/p>\n","protected":false},"author":1,"featured_media":0,"parent":0,"menu_order":0,"comment_status":"closed","ping_status":"closed","template":"","meta":{"_seopress_robots_primary_cat":"","_seopress_titles_title":"","_seopress_titles_desc":"","_seopress_robots_index":"","site-sidebar-layout":"no-sidebar","site-content-layout":"page-builder","ast-site-content-layout":"default","site-content-style":"default","site-sidebar-style":"default","ast-global-header-display":"","ast-banner-title-visibility":"","ast-main-header-display":"","ast-hfb-above-header-display":"","ast-hfb-below-header-display":"","ast-hfb-mobile-header-display":"","site-post-title":"disabled","ast-breadcrumbs-content":"","ast-featured-img":"disabled","footer-sml-layout":"","ast-disable-related-posts":"","theme-transparent-header-meta":"default","adv-header-id-meta":"","stick-header-meta":"","header-above-stick-meta":"","header-main-stick-meta":"","header-below-stick-meta":"","astra-migrate-meta-layouts":"default","ast-page-background-enabled":"default","ast-page-background-meta":{"desktop":{"background-color":"","background-image":"","background-repeat":"repeat","background-position":"center center","background-size":"auto","background-attachment":"scroll","background-type":"","background-media":"","overlay-type":"","overlay-color":"","overlay-opacity":"","overlay-gradient":""},"tablet":{"background-color":"","background-image":"","background-repeat":"repeat","background-position":"center center","background-size":"auto","background-attachment":"scroll","background-type":"","background-media":"","overlay-type":"","overlay-color":"","overlay-opacity":"","overlay-gradient":""},"mobile":{"background-color":"","background-image":"","background-repeat":"repeat","background-position":"center center","background-size":"auto","background-attachment":"scroll","background-type":"","background-media":"","overlay-type":"","overlay-color":"","overlay-opacity":"","overlay-gradient":""}},"ast-content-background-meta":{"desktop":{"background-color":"var(--ast-global-color-5)","background-image":"","background-repeat":"repeat","background-position":"center center","background-size":"auto","background-attachment":"scroll","background-type":"","background-media":"","overlay-type":"","overlay-color":"","overlay-opacity":"","overlay-gradient":""},"tablet":{"background-color":"var(--ast-global-color-5)","background-image":"","background-repeat":"repeat","background-position":"center center","background-size":"auto","background-attachment":"scroll","background-type":"","background-media":"","overlay-type":"","overlay-color":"","overlay-opacity":"","overlay-gradient":""},"mobile":{"background-color":"var(--ast-global-color-5)","background-image":"","background-repeat":"repeat","background-position":"center center","background-size":"auto","background-attachment":"scroll","background-type":"","background-media":"","overlay-type":"","overlay-color":"","overlay-opacity":"","overlay-gradient":""}},"footnotes":""},"class_list":["post-104","page","type-page","status-publish","hentry"],"_links":{"self":[{"href":"https:\/\/monicablasi.com\/es\/wp-json\/wp\/v2\/pages\/104","targetHints":{"allow":["GET"]}}],"collection":[{"href":"https:\/\/monicablasi.com\/es\/wp-json\/wp\/v2\/pages"}],"about":[{"href":"https:\/\/monicablasi.com\/es\/wp-json\/wp\/v2\/types\/page"}],"author":[{"embeddable":true,"href":"https:\/\/monicablasi.com\/es\/wp-json\/wp\/v2\/users\/1"}],"replies":[{"embeddable":true,"href":"https:\/\/monicablasi.com\/es\/wp-json\/wp\/v2\/comments?post=104"}],"version-history":[{"count":9,"href":"https:\/\/monicablasi.com\/es\/wp-json\/wp\/v2\/pages\/104\/revisions"}],"predecessor-version":[{"id":28655,"href":"https:\/\/monicablasi.com\/es\/wp-json\/wp\/v2\/pages\/104\/revisions\/28655"}],"wp:attachment":[{"href":"https:\/\/monicablasi.com\/es\/wp-json\/wp\/v2\/media?parent=104"}],"curies":[{"name":"wp","href":"https:\/\/api.w.org\/{rel}","templated":true}]}}